{"id":1133,"date":"2022-06-11T09:58:56","date_gmt":"2022-06-11T09:58:56","guid":{"rendered":"https:\/\/bgwiedlisbach.ch\/?page_id=1133"},"modified":"2025-01-02T06:31:37","modified_gmt":"2025-01-02T06:31:37","slug":"datenschutzerklaerung","status":"publish","type":"page","link":"https:\/\/bgwiedlisbach.ch\/?page_id=1133","title":{"rendered":"Datenschutzerkl\u00e4rung"},"content":{"rendered":"\n\n\t\t\t\t<img loading=\"lazy\" decoding=\"async\" src=\"https:\/\/bgwiedlisbach.ch\/wp-content\/uploads\/2022\/02\/Logo_Burgergemeinde.png\" alt=\"Logo_Burgergemeinde\" itemprop=\"image\" height=\"167\" width=\"174\" title=\"Logo_Burgergemeinde\" onerror=\"this.style.display='none'\"  \/>\n\t\t<img decoding=\"async\" src=\"https:\/\/bgwiedlisbach.ch\/wp-content\/plugins\/bb-plugin\/img\/pixel.png\" alt=\"\" itemprop=\"image\"\/>\n<h2>\n\t\tDatenschutzerkl\u00e4rung\n\t<\/h2>\n\t<strong>Kontaktadresse<\/strong>\nBurgergemeinde Wiedlisbach<br \/>\nPr\u00e4sident Reto Bohner<br \/>\n4537 Wiedlisbach<br \/>\n<a href=\"mailto:info@bgwiedlisbach.ch\" target=\"_blank\" rel=\"noopener\">info@bgwiedlisbach.ch<\/a>\n<p>&nbsp;<\/p>\n<p><strong>Haftung<\/strong><\/p>\n<p>Alle Texte und Links wurden sorgf\u00e4ltig gepr\u00fcft und werden laufend aktualisiert. Wir sind bem\u00fcht, richtige und vollst\u00e4ndige Informationen auf dieser Website bereitzustellen, \u00fcbernehmen aber keinerlei Verantwortung, Garantien oder Haftung daf\u00fcr, dass die durch diese Website bereitgestellten Informationen, einschliesslich jeglicher Datenbankeintr\u00e4ge, richtig, vollst\u00e4ndig oder aktuell sind. Wir behalten uns das Recht vor, jederzeit und ohne Vorank\u00fcndigung die Informationen auf dieser Website zu \u00e4ndern und verpflichten uns auch nicht, die enthaltenen Informationen zu aktualisieren. Alle Links zu externen Anbietern wurden zum Zeitpunkt ihrer Aufnahme auf ihre Richtigkeit \u00fcberpr\u00fcft. Dennoch haften wir nicht f\u00fcr Inhalte und Verf\u00fcgbarkeit von Websites, die mittels Hyperlinks zu erreichen sind. F\u00fcr illegale, fehlerhafte oder unvollst\u00e4ndige Inhalte und insbesondere f\u00fcr Sch\u00e4den, die durch die ungepr\u00fcfte Nutzung von Inhalten verkn\u00fcpfter Seiten entstehen, haftet allein der Anbieter der Seite, auf welche verwiesen wurde. Dabei ist es gleichg\u00fcltig, ob der Schaden direkter, indirekter oder finanzieller Natur ist oder ein sonstiger Schaden vorliegt, der sich aus Datenverlust, Nutzungsausfall oder anderen Gr\u00fcnden aller Art ergeben k\u00f6nnte.<\/p>\n<p>&nbsp;<\/p>\n<p><strong>Datenschutz<\/strong><\/p>\n<p>Die Betreiber dieser Website nehmen den Schutz Ihrer pers\u00f6nlichen Daten sehr ernst. Wir behandeln Ihre personenbezogenen Daten vertraulich.<\/p>\n<p>Die Nutzung unserer Webseite ist in der Regel ohne Angabe personenbezogener Daten m\u00f6glich. Soweit auf unserer Seite personenbezogene Daten (beispielsweise Name, Anschrift oder E-Mail-Adressen) erhoben werden, erfolgt dies, soweit m\u00f6glich, stets auf freiwilliger Basis. Diese Daten werden ohne Ihre ausdr\u00fcckliche Zustimmung nicht an Dritte weitergegeben.<\/p>\n<p>Wir weisen darauf hin, dass die Daten\u00fcbertragung im Internet (z.B. bei der Kommunikation per E-Mail) Sicherheitsl\u00fccken aufweisen kann. Ein l\u00fcckenloser Schutz der Daten vor dem Zugriff durch Dritte ist nicht m\u00f6glich.<\/p>\n<p>&nbsp;<\/p>\n<p><strong>Cookies<\/strong><\/p>\n<p>Diese Website verwendet Cookies. Cookies sind kleine Textdateien, die beim Besuch dieser Website in Ihrem Computer dauerhaft oder tempor\u00e4r gespeichert werden. Zweck der Cookies ist insbesondere die Analyse der Nutzung dieser Website zur statistischen Auswertung sowie f\u00fcr kontinuierliche Verbesserungen.<\/p>\n<p>In Ihrem Browser k\u00f6nnen Sie Cookies in den Einstellungen jederzeit ganz oder teilweise deaktivieren. Bei deaktivierten Cookies stehen Ihnen allenfalls nicht mehr alle Funktionen dieser Website zur Verf\u00fcgung.<\/p>\n<p>&nbsp;<\/p>\n<p><strong>Google Analytics<\/strong><\/p>\n<p>Diese Website benutzt Google Analytics, einen Webanalysedienst der Google Inc. (\u00abGoogle\u00bb). Google Analytics verwendet sog. \u00abCookies\u00bb, Textdateien, die auf Ihrem Computer gespeichert werden und die eine Analyse der Benutzung der Website durch Sie erm\u00f6glichen. Die durch den Cookie erzeugten Informationen \u00fcber Ihre Benutzung dieser Website werden in der Regel an einen Server von Google in den USA \u00fcbertragen und dort gespeichert. Auf dieser Webseite ist die IP-Anonymisierung aktiviert und somit wird Ihre IP-Adresse von Google innerhalb von Mitgliedstaaten der Europ\u00e4ischen Union oder in anderen Vertragsstaaten des Abkommens \u00fcber den Europ\u00e4ischen Wirtschaftsraum zuvor gek\u00fcrzt. Nur in Ausnahmef\u00e4llen wird die volle IP-Adresse an einen Server von Google in den USA \u00fcbertragen und dort gek\u00fcrzt. Google wird diese Informationen benutzen, um Ihre Nutzung der Website auszuwerten, um Reports \u00fcber die Website-Aktivit\u00e4ten f\u00fcr die Website-Betreiber zusammenzustellen und um weitere mit der Website-Nutzung und der Internetnutzung verbundene Dienstleistungen zu erbringen. Auch wird Google diese Informationen gegebenenfalls an Dritte \u00fcbertragen, sofern dies gesetzlich vorgeschrieben oder soweit Dritte diese Daten im Auftrag von Google verarbeiten. Die im Rahmen von Google Analytics von Ihrem Browser \u00fcbermittelte IP-Adresse wird nicht mit anderen Daten von Google zusammengef\u00fchrt. Mehr Informationen zum Umgang mit Nutzerdaten bei Google Analytics finden Sie in der Datenschutzerkl\u00e4rung von Google: <a href=\"https:\/\/support.google.com\/analytics\/answer\/6004245?hl=de\">https:\/\/support.google.com\/analytics\/answer\/6004245?hl=de<\/a><\/p>\n<p>&nbsp;<\/p>\n<p><strong>Google Maps<\/strong><\/p>\n<p>Diese Webseite verwendet Google Maps von Google Inc. Durch Nutzung dieser Webseite erkl\u00e4ren Sie sich mit der Erfassung, Bearbeitung sowie Nutzung der automatisiert erhobenen Daten durch Google Inc, deren Vertreter sowie Dritter einverstanden. Die Nutzungsbedingungen von Google Maps finden sie unter \u00abNutzungsbedingungen von Google Maps\u00bb.<\/p>\n<p>&nbsp;<\/p>\n<p><strong>Kontaktformular<\/strong><\/p>\n<p>Insofern die Webseite ein Kontaktformular zur Verf\u00fcgung stellt und wenn Sie uns \u00fcber dieses Kontaktformular Anfragen zukommen lassen, werden Ihre Angaben aus dem Anfrage-Formular inklusive der von Ihnen dort angegebenen Kontaktdaten zwecks Bearbeitung der Anfrage und f\u00fcr den Fall von Anschlussfragen bei uns gespeichert. Diese Daten geben wir nicht ohne Ihre Einwilligung weiter und werden vertraulich behandelt.<\/p>\n<p>&nbsp;<\/p>\n<p><strong>Auskunft, L\u00f6schung und Sperrung<\/strong><\/p>\n<p>Sie erhalten Auskunft \u00fcber die von uns gespeicherten personenbezogenen Daten zu Ihrer Person sowie zur Herkunft, dem Empf\u00e4nger und dem Zweck von Datenerhebung sowie Datenverarbeitung. Ausserdem haben Sie das Recht, die Berichtigung, die Sperrung oder L\u00f6schung Ihrer Daten zu verlangen. Ausgenommen davon sind Daten, die aufgrund gesetzlicher Vorschriften aufbewahrt oder zur ordnungsgem\u00e4ssen Gesch\u00e4ftsabwicklung ben\u00f6tigt werden. Damit eine Datensperre jederzeit realisiert werden kann, k\u00f6nnen Daten gegebenenfalls zu Kontrollzwecken in einer Sperrdatei vorgehalten werden. Werden Daten nicht von einer gesetzlichen Archivierungspflicht erfasst, l\u00f6schen wir Ihre Daten auf Ihren Wunsch. Greift die Archivierungspflicht, sperren wir Ihre Daten. F\u00fcr alle Fragen und Anliegen zur Berichtigung, Sperrung oder L\u00f6schung von personenbezogenen Daten wenden Sie sich bitte an unseren Datenschutzbeauftragten oder an die im Impressum genannte Adresse.<\/p>\n<p>&nbsp;<\/p>\n<p>\u00a9 2025, Burgergemeinde Wiedlisbach<\/p>\n\t\t<img decoding=\"async\" src=\"https:\/\/bgwiedlisbach.ch\/wp-content\/plugins\/bb-plugin\/img\/pixel.png\" alt=\"\" itemprop=\"image\"\/>\n\n","protected":false},"excerpt":{"rendered":"<p>Datenschutzerkl\u00e4rung Kontaktadresse Burgergemeinde Wiedlisbach Pr\u00e4sident Reto Bohner 4537 Wiedlisbach info@bgwiedlisbach.ch &nbsp; Haftung Alle Texte und Links wurden sorgf\u00e4ltig gepr\u00fcft und werden laufend aktualisiert. Wir sind bem\u00fcht, richtige und vollst\u00e4ndige Informationen auf dieser Website bereitzustellen, \u00fcbernehmen aber keinerlei Verantwortung, Garantien oder Haftung daf\u00fcr, dass die durch diese Website bereitgestellten Informationen, einschliesslich jeglicher Datenbankeintr\u00e4ge, richtig, vollst\u00e4ndig oder&hellip;<\/p>\n","protected":false},"author":1,"featured_media":0,"parent":0,"menu_order":0,"comment_status":"closed","ping_status":"closed","template":"","meta":{"footnotes":""},"class_list":["post-1133","page","type-page","status-publish","hentry"],"_links":{"self":[{"href":"https:\/\/bgwiedlisbach.ch\/index.php?rest_route=\/wp\/v2\/pages\/1133","targetHints":{"allow":["GET"]}}],"collection":[{"href":"https:\/\/bgwiedlisbach.ch\/index.php?rest_route=\/wp\/v2\/pages"}],"about":[{"href":"https:\/\/bgwiedlisbach.ch\/index.php?rest_route=\/wp\/v2\/types\/page"}],"author":[{"embeddable":true,"href":"https:\/\/bgwiedlisbach.ch\/index.php?rest_route=\/wp\/v2\/users\/1"}],"replies":[{"embeddable":true,"href":"https:\/\/bgwiedlisbach.ch\/index.php?rest_route=%2Fwp%2Fv2%2Fcomments&post=1133"}],"version-history":[{"count":4,"href":"https:\/\/bgwiedlisbach.ch\/index.php?rest_route=\/wp\/v2\/pages\/1133\/revisions"}],"predecessor-version":[{"id":1715,"href":"https:\/\/bgwiedlisbach.ch\/index.php?rest_route=\/wp\/v2\/pages\/1133\/revisions\/1715"}],"wp:attachment":[{"href":"https:\/\/bgwiedlisbach.ch\/index.php?rest_route=%2Fwp%2Fv2%2Fmedia&parent=1133"}],"curies":[{"name":"wp","href":"https:\/\/api.w.org\/{rel}","templated":true}]}}