{"id":1545,"date":"2024-01-13T16:24:12","date_gmt":"2024-01-13T16:24:12","guid":{"rendered":"https:\/\/bgwiedlisbach.ch\/?page_id=1545"},"modified":"2026-01-04T11:04:30","modified_gmt":"2026-01-04T11:04:30","slug":"buergerhaus","status":"publish","type":"page","link":"https:\/\/bgwiedlisbach.ch\/?page_id=1545","title":{"rendered":"B\u00fcrgerhaus (St\u00e4dtli 17 und 21)\ufffc"},"content":{"rendered":"\n\n\t\t\t\t<img decoding=\"async\" src=\"https:\/\/bgwiedlisbach.ch\/wp-content\/uploads\/2022\/02\/Logo_Burgergemeinde.png\" alt=\"Logo_Burgergemeinde\" itemprop=\"image\" height=\"167\" width=\"174\" title=\"Logo_Burgergemeinde\" onerror=\"this.style.display='none'\" loading=\"lazy\" \/>\n<h1>\n\t\t\tB\u00fcrgerhaus (St\u00e4dtli 17 und 21)\t<\/h1>\n\t\t\t\t\t\t\tDie Burgergemeinde vermietet\n\t\t\t9\n\t\t\t\t\t\t\tWohnungen im B\u00fcrgerhaus\n\t\t\t<a href=\"\" target=\"_self\">\n\t\t\t<\/a>\n\t\t<img decoding=\"async\" src=\"https:\/\/bgwiedlisbach.ch\/wp-content\/plugins\/bb-plugin\/img\/pixel.png\" alt=\"\" itemprop=\"image\"\/>\n\t\t\t\t<img decoding=\"async\" src=\"https:\/\/bgwiedlisbach.ch\/wp-content\/uploads\/2024\/01\/buergerhaus_Front.jpg\" alt=\"buergerhaus_Front\" itemprop=\"image\" height=\"1739\" width=\"2000\" title=\"buergerhaus_Front\" onerror=\"this.style.display='none'\" loading=\"lazy\" \/>\n\t<p>Historische Liegenschaften mitten im St\u00e4dtli. Fr\u00fcher als Rathaus mit Pintenschenke, sp\u00e4ter als Restaurant Bierhalle oder Gasthof zum B\u00fcrgerhaus bekannt. Gewirtet wird im \u00abPintli\u00bb zwar nicht mehr, jedoch entstanden neun wundersch\u00f6ne Altstadtwohnungen<\/p>\n<p>Die Wohnungen wurden mit viel Liebe zum Detail und unter Ber\u00fccksichtigung der historischen Bausubstanz in den Jahren 2016 und 2017 komplett saniert. Alle Wohnungen verf\u00fcgen \u00fcber eine Nord-S\u00fcd-Ausrichtung und reichen von der Gasse bis zum Garten. Die Nasszellen in der Mitte der Wohnungen dienen als raumbildendes Element und erm\u00f6glichen die Anordnung der Wohn- und Essbereiche an den gut belichteten Fassadenseiten. Beim Ausbau wurde viel Wert auf hochwertigen Parkett und Klinkerboden sowie moderne K\u00fcchen und Badezimmer mit eigener Waschmaschine und Tumbler gelegt. Neben grossz\u00fcgigen Balkonen geh\u00f6rt zu jeder Wohnung ein eigener terrassierter Gartensitzplatz.<\/p>\n<p>&nbsp;<\/p>\n\t\t\t\t<img decoding=\"async\" src=\"https:\/\/bgwiedlisbach.ch\/wp-content\/uploads\/2024\/01\/buergerhaus_garten.jpg\" alt=\"buergerhaus_garten\" itemprop=\"image\" height=\"1335\" width=\"2000\" title=\"buergerhaus_garten\" onerror=\"this.style.display='none'\" loading=\"lazy\" \/>\n\t\t\t\t<img decoding=\"async\" src=\"https:\/\/bgwiedlisbach.ch\/wp-content\/uploads\/2024\/01\/buergerhaus_Back_Garten_2.jpg\" alt=\"buergerhaus_Back_Garten_2\" itemprop=\"image\" height=\"953\" width=\"1479\" title=\"buergerhaus_Back_Garten_2\" onerror=\"this.style.display='none'\" loading=\"lazy\" \/>\n\t\t\t\t<table>\n\t\t\t\t\t<thead>\n\t\t\t\t\t\t\t\t\t\t\t\t\t\t<tr>\n\t\t\t\t\t\t\t\t\t\t\t\t\t\t\t<th rowspan=\"\" colspan=\"\">\n\t\t\t\t\t\t\t\t\t\t Haus Nr. 17 \n\t\t\t\t\t\t\t\t\t\t\t\t\t\t\t\t\t<\/th>\n\t\t\t\t\t\t\t\t\t\t\t\t\t\t<th rowspan=\"\" colspan=\"\">\n\t\t\t\t\t\t\t\t\t\t Total \n\t\t\t\t\t\t\t\t\t\t\t\t\t\t\t\t\t<\/th>\n\t\t\t\t\t\t\t\t\t\t\t<\/tr><\/thead>\n\t\t\t\t\t<tbody>\n\t\t\t\t\t\t\t\t\t\t\t\t\t\t\t<tr>\n\t\t\t\t\t\t\t\t\t\t\t\t\t\t\t\t\t\t\t\t<td colspan=\"\" rowspan=\"\">\n\t\t\t\t\t\t\t\t\t\t\t\t\t\t\t\t\t\t\t\t\t\t\t 2,5-Zimmer-Wohnung \n\t\t\t\t\t\t\t\t\t\t\t\t\t\t\t\t\t\t\t\t\t\t\t<\/td>\n\t\t\t\t\t\t\t\t\t\t\t\t\t\t\t\t<td colspan=\"\" rowspan=\"\">\n\t\t\t\t\t\t\t\t\t\t\t\t\t\t\t\t\t\t\t\t\t\t\t 3 \n\t\t\t\t\t\t\t\t\t\t\t\t\t\t\t\t\t\t\t\t\t\t\t<\/td>\n\t\t\t\t\t\t\t\t\t\t\t\t\t\t\t<\/tr><tr>\n\t\t\t\t\t\t\t\t\t\t\t\t\t\t\t\t\t\t\t\t<td colspan=\"\" rowspan=\"\">\n\t\t\t\t\t\t\t\t\t\t\t\t\t\t\t\t\t\t\t\t\t\t\t 4-Zimmer-Wohnung \n\t\t\t\t\t\t\t\t\t\t\t\t\t\t\t\t\t\t\t\t\t\t\t<\/td>\n\t\t\t\t\t\t\t\t\t\t\t\t\t\t\t\t<td colspan=\"\" rowspan=\"\">\n\t\t\t\t\t\t\t\t\t\t\t\t\t\t\t\t\t\t\t\t\t\t\t 2 \n\t\t\t\t\t\t\t\t\t\t\t\t\t\t\t\t\t\t\t\t\t\t\t<\/td>\n\t\t\t\t\t\t\t\t\t\t\t<\/tr><\/tbody>\n\t\t\t\t<\/table>\n\t\t\t\t<table>\n\t\t\t\t\t<thead>\n\t\t\t\t\t\t\t\t\t\t\t\t\t\t<tr>\n\t\t\t\t\t\t\t\t\t\t\t\t\t\t\t<th rowspan=\"\" colspan=\"\">\n\t\t\t\t\t\t\t\t\t\t Haus Nr. 21 \n\t\t\t\t\t\t\t\t\t\t\t\t\t\t\t\t\t<\/th>\n\t\t\t\t\t\t\t\t\t\t\t\t\t\t<th rowspan=\"\" colspan=\"\">\n\t\t\t\t\t\t\t\t\t\t Total \n\t\t\t\t\t\t\t\t\t\t\t\t\t\t\t\t\t<\/th>\n\t\t\t\t\t\t\t\t\t\t\t<\/tr><\/thead>\n\t\t\t\t\t<tbody>\n\t\t\t\t\t\t\t\t\t\t\t\t\t\t\t<tr>\n\t\t\t\t\t\t\t\t\t\t\t\t\t\t\t\t\t\t\t\t<td colspan=\"\" rowspan=\"\">\n\t\t\t\t\t\t\t\t\t\t\t\t\t\t\t\t\t\t\t\t\t\t\t 2,5-Zimmer-Wohnung \n\t\t\t\t\t\t\t\t\t\t\t\t\t\t\t\t\t\t\t\t\t\t\t<\/td>\n\t\t\t\t\t\t\t\t\t\t\t\t\t\t\t\t<td colspan=\"\" rowspan=\"\">\n\t\t\t\t\t\t\t\t\t\t\t\t\t\t\t\t\t\t\t\t\t\t\t 1 \n\t\t\t\t\t\t\t\t\t\t\t\t\t\t\t\t\t\t\t\t\t\t\t<\/td>\n\t\t\t\t\t\t\t\t\t\t\t\t\t\t\t<\/tr><tr>\n\t\t\t\t\t\t\t\t\t\t\t\t\t\t\t\t\t\t\t\t<td colspan=\"\" rowspan=\"\">\n\t\t\t\t\t\t\t\t\t\t\t\t\t\t\t\t\t\t\t\t\t\t\t 3,5-Zimmer-Wohnung \n\t\t\t\t\t\t\t\t\t\t\t\t\t\t\t\t\t\t\t\t\t\t\t<\/td>\n\t\t\t\t\t\t\t\t\t\t\t\t\t\t\t\t<td colspan=\"\" rowspan=\"\">\n\t\t\t\t\t\t\t\t\t\t\t\t\t\t\t\t\t\t\t\t\t\t\t 1 \n\t\t\t\t\t\t\t\t\t\t\t\t\t\t\t\t\t\t\t\t\t\t\t<\/td>\n\t\t\t\t\t\t\t\t\t\t\t\t\t\t\t<\/tr><tr>\n\t\t\t\t\t\t\t\t\t\t\t\t\t\t\t\t\t\t\t\t<td colspan=\"\" rowspan=\"\">\n\t\t\t\t\t\t\t\t\t\t\t\t\t\t\t\t\t\t\t\t\t\t\t 4,5-Zimmer-Wohnung \n\t\t\t\t\t\t\t\t\t\t\t\t\t\t\t\t\t\t\t\t\t\t\t<\/td>\n\t\t\t\t\t\t\t\t\t\t\t\t\t\t\t\t<td colspan=\"\" rowspan=\"\">\n\t\t\t\t\t\t\t\t\t\t\t\t\t\t\t\t\t\t\t\t\t\t\t 1 \n\t\t\t\t\t\t\t\t\t\t\t\t\t\t\t\t\t\t\t\t\t\t\t<\/td>\n\t\t\t\t\t\t\t\t\t\t\t<\/tr><\/tbody>\n\t\t\t\t<\/table>\n\t\t<img decoding=\"async\" src=\"https:\/\/bgwiedlisbach.ch\/wp-content\/plugins\/bb-plugin\/img\/pixel.png\" alt=\"\" itemprop=\"image\"\/>\n<h2>\n\t\t<a href=\"https:\/\/flatfox.ch\/de\/wohnung\/stadtli-21-4537-wiedlisbach\/1266236\/\" title=\"4 \u00bd Zimmer-Wohnung zu vermieten\"  target=\"_blank\"  rel=\"noopener\">\n\t\t\t4 \u00bd Zimmer-Wohnung zu vermieten\t\t<\/a>\n\t<\/h2>\n\t\t<img decoding=\"async\" src=\"https:\/\/bgwiedlisbach.ch\/wp-content\/plugins\/bb-plugin\/img\/pixel.png\" alt=\"\" itemprop=\"image\"\/>\n\n","protected":false},"excerpt":{"rendered":"<p>B\u00fcrgerhaus (St\u00e4dtli 17 und 21) Die Burgergemeinde vermietet 9 Wohnungen im B\u00fcrgerhaus Historische Liegenschaften mitten im St\u00e4dtli. Fr\u00fcher als Rathaus mit Pintenschenke, sp\u00e4ter als Restaurant Bierhalle oder Gasthof zum B\u00fcrgerhaus bekannt. Gewirtet wird im \u00abPintli\u00bb zwar nicht mehr, jedoch entstanden neun wundersch\u00f6ne Altstadtwohnungen Die Wohnungen wurden mit viel Liebe zum Detail und unter Ber\u00fccksichtigung der&hellip;<\/p>\n","protected":false},"author":1,"featured_media":0,"parent":1147,"menu_order":2,"comment_status":"closed","ping_status":"closed","template":"","meta":{"footnotes":""},"class_list":["post-1545","page","type-page","status-publish","hentry"],"_links":{"self":[{"href":"https:\/\/bgwiedlisbach.ch\/index.php?rest_route=\/wp\/v2\/pages\/1545","targetHints":{"allow":["GET"]}}],"collection":[{"href":"https:\/\/bgwiedlisbach.ch\/index.php?rest_route=\/wp\/v2\/pages"}],"about":[{"href":"https:\/\/bgwiedlisbach.ch\/index.php?rest_route=\/wp\/v2\/types\/page"}],"author":[{"embeddable":true,"href":"https:\/\/bgwiedlisbach.ch\/index.php?rest_route=\/wp\/v2\/users\/1"}],"replies":[{"embeddable":true,"href":"https:\/\/bgwiedlisbach.ch\/index.php?rest_route=%2Fwp%2Fv2%2Fcomments&post=1545"}],"version-history":[{"count":11,"href":"https:\/\/bgwiedlisbach.ch\/index.php?rest_route=\/wp\/v2\/pages\/1545\/revisions"}],"predecessor-version":[{"id":1881,"href":"https:\/\/bgwiedlisbach.ch\/index.php?rest_route=\/wp\/v2\/pages\/1545\/revisions\/1881"}],"up":[{"embeddable":true,"href":"https:\/\/bgwiedlisbach.ch\/index.php?rest_route=\/wp\/v2\/pages\/1147"}],"wp:attachment":[{"href":"https:\/\/bgwiedlisbach.ch\/index.php?rest_route=%2Fwp%2Fv2%2Fmedia&parent=1545"}],"curies":[{"name":"wp","href":"https:\/\/api.w.org\/{rel}","templated":true}]}}