{"id":355,"date":"2022-02-06T16:17:04","date_gmt":"2022-02-06T16:17:04","guid":{"rendered":"https:\/\/bgwiedlisbach.ch\/?page_id=355"},"modified":"2025-11-24T18:53:26","modified_gmt":"2025-11-24T18:53:26","slug":"portrait","status":"publish","type":"page","link":"https:\/\/bgwiedlisbach.ch\/?page_id=355","title":{"rendered":"Portrait"},"content":{"rendered":"\n\n\t\t\t\t<a href=\"https:\/\/bgwiedlisbach.ch\/\" target=\"_self\" itemprop=\"url\">\n\t\t\t\t<img loading=\"lazy\" decoding=\"async\" src=\"https:\/\/bgwiedlisbach.ch\/wp-content\/uploads\/2022\/02\/Logo_Burgergemeinde.png\" alt=\"Logo_Burgergemeinde\" itemprop=\"image\" height=\"167\" width=\"174\" title=\"Logo_Burgergemeinde\" onerror=\"this.style.display='none'\"  \/>\n\t\t\t\t<\/a>\n<h1>\n\t\tPortrait\n\t<\/h1>\n\t\t\t\t\t\t\tBurgerinnen und Burger\n\t\t\t204\n\t\t\t\t\t\t\t179 sind stimmberechtigt\n\t\t\t<a href=\"\" target=\"_self\">\n\t\t\t<\/a>\n\t\t<img decoding=\"async\" src=\"https:\/\/bgwiedlisbach.ch\/wp-content\/plugins\/bb-plugin\/img\/pixel.png\" alt=\"\" itemprop=\"image\"\/>\n\t\t\t\t<img loading=\"lazy\" decoding=\"async\" src=\"https:\/\/bgwiedlisbach.ch\/wp-content\/uploads\/2022\/01\/home_02.jpg\" alt=\"home_02\" itemprop=\"image\" height=\"533\" width=\"800\" title=\"home_02\" onerror=\"this.style.display='none'\"  \/>\n<h2>\n\t\tUnsere Burgergemeinde\n\t<\/h2>\n\t<p>Die Burgergemeinde Wiedlisbach ist eine durch die Verfassung des Kanton Berns garantierte \u00f6ffentlich-rechtliche K\u00f6rperschaft und untersteht der kantonalen Gemeindegesetzgebung. Sie ist eine Personalgemeinde, der bestimmte Personen angeh\u00f6ren. Im Gegensatz dazu sind Einwohnergemeinden sogenannte Territorialgemeinden. Die Burgergemeinde verf\u00fcgt weder \u00fcber ein \u00f6ffentlich-rechtliches Territorium noch \u00fcber eine Steuerhoheit, ist jedoch steuerpflichtig.<\/p>\n<p>In Wiedlisbach wohnen, Stand Herbst 2024 209 Burgerinnen und Burger. 185 von diesen sind aktuell stimmberechtigt.<\/p>\n<p>Die Burgergemeinde Wiedlisbach steht im Dienste der Wiedlisbacher Bev\u00f6lkerung und seiner Burger, f\u00f6rdert eine \u00f6kologische und nachhaltige Entwicklung der Gemeinde Wiedlisbach und bewirtschaftet 195 ha Wald als eine der Verbandsgemeinden des Forstbetriebes H\u00e4llch\u00f6pfli. Ausserdem f\u00f6rdert die Burgergemeinde Wiedlisbach das kulturelle und soziale Leben in und rund um Wiedlisbach.<\/p>\n\t\t<img decoding=\"async\" src=\"https:\/\/bgwiedlisbach.ch\/wp-content\/plugins\/bb-plugin\/img\/pixel.png\" alt=\"\" itemprop=\"image\"\/>\n<h2>\n\t\tGeschichte\n\t<\/h2>\n\t<p>Seit dem Ausscheidungsvertrag 1856 gibt es im historischen St\u00e4dtli Wiedlisbach zwei \u00f6ffentlich-rechtliche K\u00f6rperschaften: die Einwohnergemeinde als Territorialgemeinde und die Burgergemeinde als Personengemeinde.<\/p>\n<p>Neben den traditionelleren T\u00e4tigkeiten wie dem Forstbetrieb, dem Kiesabbau und der Verpachtung von Landwirtschaftsland, waren die wichtigsten T\u00e4tigkeiten der Burgergemeinde der letzten Jahre der Bau von zwei Mehrfamilienh\u00e4user an der Gerzmatt sowie der Bau und Betrieb des W\u00e4rmeverbundes in Wiedlisbach. Ausserdem leistet die Burgergemeinde immer wieder grossz\u00fcgige Unterst\u00fctzungsbeitr\u00e4ge f\u00fcr Projekte in Wiedlisbach. Beispiele sind 500&#8217;000 CHF f\u00fcr den Bau der neuen Sporthalle und 50&#8217;000 CHF f\u00fcr den Bau des neuen Generationenspielplatzes.<\/p>\n\t\t\t\t<img loading=\"lazy\" decoding=\"async\" src=\"https:\/\/bgwiedlisbach.ch\/wp-content\/uploads\/2022\/05\/unser-wald.jpg\" alt=\"unser-wald\" itemprop=\"image\" height=\"533\" width=\"800\" title=\"unser-wald\" onerror=\"this.style.display='none'\"  \/>\n\t\t<img decoding=\"async\" src=\"https:\/\/bgwiedlisbach.ch\/wp-content\/plugins\/bb-plugin\/img\/pixel.png\" alt=\"\" itemprop=\"image\"\/>\n\n","protected":false},"excerpt":{"rendered":"<p>Portrait Burgerinnen und Burger 204 179 sind stimmberechtigt Unsere Burgergemeinde Die Burgergemeinde Wiedlisbach ist eine durch die Verfassung des Kanton Berns garantierte \u00f6ffentlich-rechtliche K\u00f6rperschaft und untersteht der kantonalen Gemeindegesetzgebung. Sie ist eine Personalgemeinde, der bestimmte Personen angeh\u00f6ren. Im Gegensatz dazu sind Einwohnergemeinden sogenannte Territorialgemeinden. Die Burgergemeinde verf\u00fcgt weder \u00fcber ein \u00f6ffentlich-rechtliches Territorium noch \u00fcber eine&hellip;<\/p>\n","protected":false},"author":1,"featured_media":0,"parent":1140,"menu_order":1,"comment_status":"closed","ping_status":"closed","template":"","meta":{"footnotes":""},"class_list":["post-355","page","type-page","status-publish","hentry"],"_links":{"self":[{"href":"https:\/\/bgwiedlisbach.ch\/index.php?rest_route=\/wp\/v2\/pages\/355","targetHints":{"allow":["GET"]}}],"collection":[{"href":"https:\/\/bgwiedlisbach.ch\/index.php?rest_route=\/wp\/v2\/pages"}],"about":[{"href":"https:\/\/bgwiedlisbach.ch\/index.php?rest_route=\/wp\/v2\/types\/page"}],"author":[{"embeddable":true,"href":"https:\/\/bgwiedlisbach.ch\/index.php?rest_route=\/wp\/v2\/users\/1"}],"replies":[{"embeddable":true,"href":"https:\/\/bgwiedlisbach.ch\/index.php?rest_route=%2Fwp%2Fv2%2Fcomments&post=355"}],"version-history":[{"count":37,"href":"https:\/\/bgwiedlisbach.ch\/index.php?rest_route=\/wp\/v2\/pages\/355\/revisions"}],"predecessor-version":[{"id":1848,"href":"https:\/\/bgwiedlisbach.ch\/index.php?rest_route=\/wp\/v2\/pages\/355\/revisions\/1848"}],"up":[{"embeddable":true,"href":"https:\/\/bgwiedlisbach.ch\/index.php?rest_route=\/wp\/v2\/pages\/1140"}],"wp:attachment":[{"href":"https:\/\/bgwiedlisbach.ch\/index.php?rest_route=%2Fwp%2Fv2%2Fmedia&parent=355"}],"curies":[{"name":"wp","href":"https:\/\/api.w.org\/{rel}","templated":true}]}}