{"id":39,"date":"2022-01-26T17:03:07","date_gmt":"2022-01-26T17:03:07","guid":{"rendered":"https:\/\/bgwiedlisbach.ch\/?page_id=39"},"modified":"2026-01-04T11:03:52","modified_gmt":"2026-01-04T11:03:52","slug":"home","status":"publish","type":"page","link":"https:\/\/bgwiedlisbach.ch\/","title":{"rendered":"Home"},"content":{"rendered":"\n<h1>\n\t\t\tHerzlich  willkommen bei der Burgergemeinde Wiedlisbach\t<\/h1>\n\t\t\t\t\t\t\tBurgerinnen und Burger\n\t\t\t204\n\t\t\t\t\t\t\t179 sind stimmberechtigt\n\t\t\t<a href=\"\" target=\"_self\">\n\t\t\t<\/a>\n\t\t<img decoding=\"async\" src=\"https:\/\/bgwiedlisbach.ch\/wp-content\/plugins\/bb-plugin\/img\/pixel.png\" alt=\"\" itemprop=\"image\"\/>\n<h2>\n\t\t\tUnsere n\u00e4chsten Veranstaltungen\t<\/h2>\n\t\t\t\t<table>\n\t\t\t\t\t<thead>\n\t\t\t\t\t\t\t\t\t\t\t\t\t\t<tr>\n\t\t\t\t\t\t\t\t\t\t\t\t\t\t\t<th rowspan=\"\" colspan=\"\">\n\t\t\t\t\t\t\t\t\t\t Name \n\t\t\t\t\t\t\t\t\t\t\t\t\t\t\t\t\t<\/th>\n\t\t\t\t\t\t\t\t\t\t\t\t\t\t<th rowspan=\"\" colspan=\"\">\n\t\t\t\t\t\t\t\t\t\t Datum, Uhrzeit \n\t\t\t\t\t\t\t\t\t\t\t\t\t\t\t\t\t<\/th>\n\t\t\t\t\t\t\t\t\t\t\t\t\t\t<th rowspan=\"\" colspan=\"\">\n\t\t\t\t\t\t\t\t\t\t Ort \n\t\t\t\t\t\t\t\t\t\t\t\t\t\t\t\t\t<\/th>\n\t\t\t\t\t\t\t\t\t\t\t<\/tr><\/thead>\n\t\t\t\t\t<tbody>\n\t\t\t\t\t\t\t\t\t\t\t\t\t\t\t<tr>\n\t\t\t\t\t\t\t\t\t\t\t\t\t\t\t\t\t\t\t\t<td colspan=\"\" rowspan=\"\">\n\t\t\t\t\t\t\t\t\t\t\t\t\t\t\t\t\t\t\t\t\t\t\t Fr\u00fchlings-Burgerversammlung \n\t\t\t\t\t\t\t\t\t\t\t\t\t\t\t\t\t\t\t\t\t\t\t<\/td>\n\t\t\t\t\t\t\t\t\t\t\t\t\t\t\t\t<td colspan=\"\" rowspan=\"\">\n\t\t\t\t\t\t\t\t\t\t\t\t\t\t\t\t\t\t\t\t\t\t\t 28. April 2026, 20.00 Uhr \n\t\t\t\t\t\t\t\t\t\t\t\t\t\t\t\t\t\t\t\t\t\t\t<\/td>\n\t\t\t\t\t\t\t\t\t\t\t\t\t\t\t\t<td colspan=\"\" rowspan=\"\">\n\t\t\t\t\t\t\t\t\t\t\t\t\t\t\t\t\t\t\t\t\t\t\t Froburg \n\t\t\t\t\t\t\t\t\t\t\t\t\t\t\t\t\t\t\t\t\t\t\t<\/td>\n\t\t\t\t\t\t\t\t\t\t\t\t\t\t\t<\/tr><tr>\n\t\t\t\t\t\t\t\t\t\t\t\t\t\t\t\t\t\t\t\t<td colspan=\"\" rowspan=\"\">\n\t\t\t\t\t\t\t\t\t\t\t\t\t\t\t\t\t\t\t\t\t\t\t Waldgang \n\t\t\t\t\t\t\t\t\t\t\t\t\t\t\t\t\t\t\t\t\t\t\t<\/td>\n\t\t\t\t\t\t\t\t\t\t\t\t\t\t\t\t<td colspan=\"\" rowspan=\"\">\n\t\t\t\t\t\t\t\t\t\t\t\t\t\t\t\t\t\t\t\t\t\t\t 04. Juli 2026 \n\t\t\t\t\t\t\t\t\t\t\t\t\t\t\t\t\t\t\t\t\t\t\t<\/td>\n\t\t\t\t\t\t\t\t\t\t\t\t\t\t\t\t<td colspan=\"\" rowspan=\"\">\n\t\t\t\t\t\t\t\t\t\t\t\t\t\t\t\t\t\t\t\t\t\t\t Hornusserplatz \n\t\t\t\t\t\t\t\t\t\t\t\t\t\t\t\t\t\t\t\t\t\t\t<\/td>\n\t\t\t\t\t\t\t\t\t\t\t\t\t\t\t<\/tr><tr>\n\t\t\t\t\t\t\t\t\t\t\t\t\t\t\t\t\t\t\t\t<td colspan=\"\" rowspan=\"\">\n\t\t\t\t\t\t\t\t\t\t\t\t\t\t\t\t\t\t\t\t\t\t\t Herbst-Burgerversammlung \n\t\t\t\t\t\t\t\t\t\t\t\t\t\t\t\t\t\t\t\t\t\t\t<\/td>\n\t\t\t\t\t\t\t\t\t\t\t\t\t\t\t\t<td colspan=\"\" rowspan=\"\">\n\t\t\t\t\t\t\t\t\t\t\t\t\t\t\t\t\t\t\t\t\t\t\t 24. November 2026, 20.00 Uhr \n\t\t\t\t\t\t\t\t\t\t\t\t\t\t\t\t\t\t\t\t\t\t\t<\/td>\n\t\t\t\t\t\t\t\t\t\t\t\t\t\t\t\t<td colspan=\"\" rowspan=\"\">\n\t\t\t\t\t\t\t\t\t\t\t\t\t\t\t\t\t\t\t\t\t\t\t Froburg \n\t\t\t\t\t\t\t\t\t\t\t\t\t\t\t\t\t\t\t\t\t\t\t<\/td>\n\t\t\t\t\t\t\t\t\t\t\t\t\t\t\t<\/tr><tr>\n\t\t\t\t\t\t\t\t\t\t\t\t\t\t\t\t\t\t\t\t<td colspan=\"\" rowspan=\"\">\n\t\t\t\t\t\t\t\t\t\t\t\t\t\t\t\t\t\t\t\t\t\t\t 8. Burger-B\u00e4nzen-Jass \n\t\t\t\t\t\t\t\t\t\t\t\t\t\t\t\t\t\t\t\t\t\t\t<\/td>\n\t\t\t\t\t\t\t\t\t\t\t\t\t\t\t\t<td colspan=\"\" rowspan=\"\">\n\t\t\t\t\t\t\t\t\t\t\t\t\t\t\t\t\t\t\t\t\t\t\t 26. November 2026 \n\t\t\t\t\t\t\t\t\t\t\t\t\t\t\t\t\t\t\t\t\t\t\t<\/td>\n\t\t\t\t\t\t\t\t\t\t\t\t\t\t\t\t<td colspan=\"\" rowspan=\"\">\n\t\t\t\t\t\t\t\t\t\t\t\t\t\t\t\t\t\t\t\t\t\t\t Restaurant Rebstock \n\t\t\t\t\t\t\t\t\t\t\t\t\t\t\t\t\t\t\t\t\t\t\t<\/td>\n\t\t\t\t\t\t\t\t\t\t\t<\/tr><\/tbody>\n\t\t\t\t<\/table>\n\t\t<img decoding=\"async\" src=\"https:\/\/bgwiedlisbach.ch\/wp-content\/plugins\/bb-plugin\/img\/pixel.png\" alt=\"\" itemprop=\"image\"\/>\n<h2>\n\t\t\tWas wir machen\t<\/h2>\n\t<p>Alles Wissenswerte zur Burgergemeinde Wiedlisbach: spannende Einblicke und Fakten zu unserer Arbeit.<\/p>\n\t\t\t<a href=\"https:\/\/bgwiedlisbach.ch\/?page_id=355\" target=\"_self\">\n\t\t\t\t\t\t\tLesen Sie weiter\n\t\t\t<\/a>\n\t\t<img decoding=\"async\" src=\"https:\/\/bgwiedlisbach.ch\/wp-content\/plugins\/bb-plugin\/img\/pixel.png\" alt=\"\" itemprop=\"image\"\/>\n<h2>\n\t\t\tAktuelles\t<\/h2>\n\t\t\t\t\t\t\t\t\t\t\t\t\t\t<a href=\"https:\/\/bgwiedlisbach.ch\/?p=1877\" target=\"_blank\" rel=\"noopener\" title=\"FROHE FESTTAGE\">\n\t\t\t\t<img decoding=\"async\" src=\"https:\/\/bgwiedlisbach.ch\/wp-content\/uploads\/bb-plugin\/cache\/Baum-custom_crop.jpg\" alt=\"\" \/>\n\t\t\t\t<\/a>\n\t\t\t\t\t\t<h2>\n\t\t\t\t\t\t\t<time datetime=\"\n\t\t\t\t\t\t\t2025-12-15T09:12:05+00:00\t\t\t\t\t\t\t\">\n\t\t\t\t\t\t\t\tDezember\t\t\t\t\t\t\t\t\n\t\t\t\t\t\t\t\t15\n\t\t\t\t\t\t\t\t2025\n\t\t\t\t\t\t\t<\/time>\n\t\t\t\t\t\t<\/h2>\n\t\t\t\t\t\t<h4>\n\t\t\t\t<a href=\"https:\/\/bgwiedlisbach.ch\/?p=1877\" title=\"FROHE FESTTAGE\">FROHE FESTTAGE<\/a>\t\t\t<\/h4>\n\t\t\t\t\t\t\t<h5>\n\t\t\t15 Dezember 2025\t\t\t\n\t\t\t | \t\t\t\t\t\n\t\t\t\t\t\t\t\t\t<a href=\"https:\/\/bgwiedlisbach.ch\/?cat=10\" rel=\"category tag\">Information<\/a>\t\t\t\t<\/h5>\n\t\t\t\t\t\t\t\t\tDie Burgergemeinde w\u00fcnscht allen frohe Festtage und einen guten Start ins neue Jahr!\n\t\t\t\t\t<a href=\"https:\/\/bgwiedlisbach.ch\/?p=1877\" title=\"Mehr lesen\" target=\"_blank\" rel=\"noopener\">Lesen Sie mehr &#8594;<\/a>\t\t\n\t\t\t\t\t\t\t\t\t\t\t\t\t\t<a href=\"https:\/\/bgwiedlisbach.ch\/?p=1866\" target=\"_blank\" rel=\"noopener\" title=\"Aufbruch in eine neue Zeit\">\n\t\t\t\t<img decoding=\"async\" src=\"https:\/\/bgwiedlisbach.ch\/wp-content\/uploads\/bb-plugin\/cache\/Kassenplatz_Frueher-custom_crop.jpg\" alt=\"\" \/>\n\t\t\t\t<\/a>\n\t\t\t\t\t\t<h2>\n\t\t\t\t\t\t\t<time datetime=\"\n\t\t\t\t\t\t\t2025-12-15T09:04:23+00:00\t\t\t\t\t\t\t\">\n\t\t\t\t\t\t\t\tDezember\t\t\t\t\t\t\t\t\n\t\t\t\t\t\t\t\t15\n\t\t\t\t\t\t\t\t2025\n\t\t\t\t\t\t\t<\/time>\n\t\t\t\t\t\t<\/h2>\n\t\t\t\t\t\t<h4>\n\t\t\t\t<a href=\"https:\/\/bgwiedlisbach.ch\/?p=1866\" title=\"Aufbruch in eine neue Zeit\">Aufbruch in eine neue Zeit<\/a>\t\t\t<\/h4>\n\t\t\t\t\t\t\t<h5>\n\t\t\t15 Dezember 2025\t\t\t\n\t\t\t | \t\t\t\t\t\n\t\t\t\t\t\t\t\t\t<a href=\"https:\/\/bgwiedlisbach.ch\/?cat=1\" rel=\"category tag\">Veranstaltung<\/a>\t\t\t\t<\/h5>\n\t\t\t\t\t\t\t\t\tQuelle: Gottlieb Holzer, Aufbruch in eine neue Zeit: Das rasante Bev\u00f6lkerungswachstum in der Schweiz seit Beginn des 20. &#8230;\n\t\t\t\t\t<a href=\"https:\/\/bgwiedlisbach.ch\/?p=1866\" title=\"Mehr lesen\" target=\"_blank\" rel=\"noopener\">Lesen Sie mehr &#8594;<\/a>\t\t\n\t\t\t\t\t\t\t\t\t\t\t\t\t\t<a href=\"https:\/\/bgwiedlisbach.ch\/?p=1851\" target=\"_blank\" rel=\"noopener\" title=\"7. Burger-B\u00e4nzen-Jass\">\n\t\t\t\t<img decoding=\"async\" src=\"https:\/\/bgwiedlisbach.ch\/wp-content\/uploads\/bb-plugin\/cache\/IMG-20251128-WA0001-e1764316189287-custom_crop.jpg\" alt=\"\" \/>\n\t\t\t\t<\/a>\n\t\t\t\t\t\t<h2>\n\t\t\t\t\t\t\t<time datetime=\"\n\t\t\t\t\t\t\t2025-11-28T07:50:03+00:00\t\t\t\t\t\t\t\">\n\t\t\t\t\t\t\t\tNovember\t\t\t\t\t\t\t\t\n\t\t\t\t\t\t\t\t28\n\t\t\t\t\t\t\t\t2025\n\t\t\t\t\t\t\t<\/time>\n\t\t\t\t\t\t<\/h2>\n\t\t\t\t\t\t<h4>\n\t\t\t\t<a href=\"https:\/\/bgwiedlisbach.ch\/?p=1851\" title=\"7. Burger-B\u00e4nzen-Jass\">7. Burger-B\u00e4nzen-Jass<\/a>\t\t\t<\/h4>\n\t\t\t\t\t\t\t<h5>\n\t\t\t28 November 2025\t\t\t\n\t\t\t | \t\t\t\t\t\n\t\t\t\t\t\t\t\t\t<a href=\"https:\/\/bgwiedlisbach.ch\/?cat=1\" rel=\"category tag\">Veranstaltung<\/a>\t\t\t\t<\/h5>\n\t\t\t\t\t\t\t\t\tDie diesj\u00e4hrige Austragung des Burger-B\u00e4nzen-Jass fand am 27. November 2025 im Rebstock in Wiedlisbach statt. 20 Jasserinnen und &#8230;\n\t\t\t\t\t<a href=\"https:\/\/bgwiedlisbach.ch\/?p=1851\" title=\"Mehr lesen\" target=\"_blank\" rel=\"noopener\">Lesen Sie mehr &#8594;<\/a>\t\t\n\t\t\t<a href=\"https:\/\/bgwiedlisbach.ch\/?page_id=594\" target=\"_self\">\n\t\t\t\t\t\t\tLesen Sie weiter\n\t\t\t<\/a>\n\t\t<img decoding=\"async\" src=\"https:\/\/bgwiedlisbach.ch\/wp-content\/plugins\/bb-plugin\/img\/pixel.png\" alt=\"\" itemprop=\"image\"\/>\n<h2>\n\t\t\tForst\t<\/h2>\n\t<p>Nat\u00fcrliche Waldbewirtschaftung ist bei uns nicht nur ein Schlagwort. Als stolze Verbandsgemeinde des Gemeindeverbandes Forst H\u00e4llch\u00f6pfli setzten wir uns f\u00fcr eine nachhaltige, naturnahe und zukunftsorientierte Bewirtschaftung unserer W\u00e4lder ein. Unser Ziel ist es, gesunde und widerstandsf\u00e4hige W\u00e4lder zu erhalten &#8211; f\u00fcr Mensch, Tier und kommende Generationen.<\/p>\nOb Holzernte, Aufforstung oder Waldpflege &#8211; bei uns stehen Qualit\u00e4t, Verantwortung und Regionalit\u00e4t im Mittelpunkt. Vertrauen Sie auf unser Fachwissen und unsere Leidenschaft f\u00fcr den Wald.\n\t\t\t<a href=\"https:\/\/bgwiedlisbach.ch\/?page_id=745\" target=\"_self\">\n\t\t\t\t\t\t\tLesen Sie weiter\n\t\t\t<\/a>\n\t\t<img decoding=\"async\" src=\"https:\/\/bgwiedlisbach.ch\/wp-content\/plugins\/bb-plugin\/img\/pixel.png\" alt=\"\" itemprop=\"image\"\/>\n\t\t\t\t<img decoding=\"async\" src=\"https:\/\/bgwiedlisbach.ch\/wp-content\/uploads\/2022\/02\/home_04.jpg\" alt=\"home_04\" itemprop=\"image\" height=\"523\" width=\"700\" title=\"home_04\" onerror=\"this.style.display='none'\" loading=\"lazy\" \/>\n<h2>\n\t\t\tFernw\u00e4rme\t<\/h2>\n\t\t\t\t<img decoding=\"async\" src=\"https:\/\/bgwiedlisbach.ch\/wp-content\/uploads\/2022\/02\/fernwaerme.jpg\" alt=\"fernwaerme_claim\" itemprop=\"image\" height=\"113\" width=\"640\" title=\"fernwaerme_claim\" onerror=\"this.style.display='none'\" loading=\"lazy\" \/>\n\t\t\t<a href=\"https:\/\/bgwiedlisbach.ch\/?page_id=969\" target=\"_self\">\n\t\t\t\t\t\t\tLesen Sie weiter\n\t\t\t<\/a>\n\t\t<img decoding=\"async\" src=\"https:\/\/bgwiedlisbach.ch\/wp-content\/plugins\/bb-plugin\/img\/pixel.png\" alt=\"\" itemprop=\"image\"\/>\n<h2>\n\t\t\tImmobilien\t<\/h2>\n\t\t\t\t<img decoding=\"async\" src=\"https:\/\/bgwiedlisbach.ch\/wp-content\/uploads\/2022\/05\/Immobilien_gerzmatt-scaled.jpg\" alt=\"Immobilien_gerzmatt\" itemprop=\"image\" height=\"1877\" width=\"2560\" title=\"Immobilien_gerzmatt\" onerror=\"this.style.display='none'\" loading=\"lazy\" \/>\n\t<h4><strong>Gerzmatt<\/strong><br \/>\nMietwohnungen<br \/>\nin Eigentums\u00adwohnungsqualit\u00e4t<\/h4>\n\t\t\t\t<img decoding=\"async\" src=\"https:\/\/bgwiedlisbach.ch\/wp-content\/uploads\/2024\/01\/Immobilien_buergerhaus-scaled.jpg\" alt=\"Immobilien_buergerhaus\" itemprop=\"image\" height=\"1877\" width=\"2560\" title=\"Immobilien_buergerhaus\" onerror=\"this.style.display='none'\" loading=\"lazy\" \/>\n\t<h4><strong>B\u00fcrgerhaus<br \/>\n<\/strong><strong>St\u00e4dtli<br \/>\n<\/strong><strong>17 + 21<\/strong><\/h4>\n\t\t\t\t<img decoding=\"async\" src=\"https:\/\/bgwiedlisbach.ch\/wp-content\/uploads\/2022\/06\/Immobilien_badgaessli-11-scaled.jpg\" alt=\"Immobilien_badgaessli-11\" itemprop=\"image\" height=\"1877\" width=\"2560\" title=\"Immobilien_badgaessli-11\" onerror=\"this.style.display='none'\" loading=\"lazy\" \/>\n\t<h4><strong>Badg\u00e4ssli 11<\/strong><\/h4>\n<h4>Liegenschaft<br \/>\nals strategische Reserve<\/h4>\n\t\t\t\t<img decoding=\"async\" src=\"https:\/\/bgwiedlisbach.ch\/wp-content\/uploads\/2022\/05\/Immobilien_werkhof-scaled.jpg\" alt=\"Immobilien_werkhof\" itemprop=\"image\" height=\"1877\" width=\"2560\" title=\"Immobilien_werkhof\" onerror=\"this.style.display='none'\" loading=\"lazy\" \/>\n\t<h4><strong>Werkhof<\/strong><\/h4>\n\t\t\t\t<img decoding=\"async\" src=\"https:\/\/bgwiedlisbach.ch\/wp-content\/uploads\/2022\/05\/Immobilien_heizzentrale-scaled.jpg\" alt=\"Immobilien_heizzentrale\" itemprop=\"image\" height=\"1877\" width=\"2560\" title=\"Immobilien_heizzentrale\" onerror=\"this.style.display='none'\" loading=\"lazy\" \/>\n\t<h4><strong>Heizzentrale<\/strong><\/h4>\n<p>&nbsp;<\/p>\n\t\t\t\t<img decoding=\"async\" src=\"https:\/\/bgwiedlisbach.ch\/wp-content\/uploads\/2022\/05\/Immobilien_waldhuetten-scaled.jpg\" alt=\"Immobilien_waldhuetten\" itemprop=\"image\" height=\"1877\" width=\"2560\" title=\"Immobilien_waldhuetten\" onerror=\"this.style.display='none'\" loading=\"lazy\" \/>\n\t<h4><strong>Waldh\u00fctten<\/strong><br \/>\nMaienberg, Chleih\u00f6lzli<br \/>\nund Ch\u00e4llerrain<\/h4>\n\t\t\t\t<img decoding=\"async\" src=\"https:\/\/bgwiedlisbach.ch\/wp-content\/uploads\/2022\/05\/Immobilien_baumkulturen-scaled.jpg\" alt=\"Immobilien_baumkulturen\" itemprop=\"image\" height=\"1877\" width=\"2560\" title=\"Immobilien_baumkulturen\" onerror=\"this.style.display='none'\" loading=\"lazy\" \/>\n\t<h4><strong>Pachtland<br \/>\n<\/strong><strong>und<br \/>\n<\/strong><strong>Baumkulturen<\/strong><\/h4>\n\t\t\t<a href=\"https:\/\/bgwiedlisbach.ch\/?page_id=610\" target=\"_self\">\n\t\t\t\t\t\t\tLesen Sie weiter\n\t\t\t<\/a>\n\t\t<img decoding=\"async\" src=\"https:\/\/bgwiedlisbach.ch\/wp-content\/plugins\/bb-plugin\/img\/pixel.png\" alt=\"\" itemprop=\"image\"\/>\n<h2>\n\t\t\tKies\t<\/h2>\n\t<p>Die Firma Marti AG Solothurn betreibt in Walliswil einen Baustoffpark und baut unter anderem in unserem \u00c4usseren S\u00e4getwald in mehreren Abbauetappen Kies ab.<\/p>\n\t\t\t<a href=\"https:\/\/bgwiedlisbach.ch\/?page_id=370\" target=\"_self\">\n\t\t\t\t\t\t\tLesen Sie weiter\n\t\t\t<\/a>\n\t\t<img decoding=\"async\" src=\"https:\/\/bgwiedlisbach.ch\/wp-content\/plugins\/bb-plugin\/img\/pixel.png\" alt=\"\" itemprop=\"image\"\/>\n\n","protected":false},"excerpt":{"rendered":"<p>Herzlich willkommen bei der Burgergemeinde Wiedlisbach Burgerinnen und Burger 204 179 sind stimmberechtigt Unsere n\u00e4chsten Veranstaltungen Name Datum, Uhrzeit Ort Fr\u00fchlings-Burgerversammlung 28. April 2026, 20.00 Uhr Froburg Waldgang 04. Juli 2026 Hornusserplatz Herbst-Burgerversammlung 24. November 2026, 20.00 Uhr Froburg 8. Burger-B\u00e4nzen-Jass 26. November 2026 Restaurant Rebstock Was wir machen Alles Wissenswerte zur Burgergemeinde Wiedlisbach: spannende&hellip;<\/p>\n","protected":false},"author":1,"featured_media":0,"parent":0,"menu_order":0,"comment_status":"closed","ping_status":"closed","template":"","meta":{"footnotes":""},"class_list":["post-39","page","type-page","status-publish","hentry"],"_links":{"self":[{"href":"https:\/\/bgwiedlisbach.ch\/index.php?rest_route=\/wp\/v2\/pages\/39","targetHints":{"allow":["GET"]}}],"collection":[{"href":"https:\/\/bgwiedlisbach.ch\/index.php?rest_route=\/wp\/v2\/pages"}],"about":[{"href":"https:\/\/bgwiedlisbach.ch\/index.php?rest_route=\/wp\/v2\/types\/page"}],"author":[{"embeddable":true,"href":"https:\/\/bgwiedlisbach.ch\/index.php?rest_route=\/wp\/v2\/users\/1"}],"replies":[{"embeddable":true,"href":"https:\/\/bgwiedlisbach.ch\/index.php?rest_route=%2Fwp%2Fv2%2Fcomments&post=39"}],"version-history":[{"count":11,"href":"https:\/\/bgwiedlisbach.ch\/index.php?rest_route=\/wp\/v2\/pages\/39\/revisions"}],"predecessor-version":[{"id":1880,"href":"https:\/\/bgwiedlisbach.ch\/index.php?rest_route=\/wp\/v2\/pages\/39\/revisions\/1880"}],"wp:attachment":[{"href":"https:\/\/bgwiedlisbach.ch\/index.php?rest_route=%2Fwp%2Fv2%2Fmedia&parent=39"}],"curies":[{"name":"wp","href":"https:\/\/api.w.org\/{rel}","templated":true}]}}