{"id":610,"date":"2022-03-01T09:17:51","date_gmt":"2022-03-01T09:17:51","guid":{"rendered":"https:\/\/bgwiedlisbach.ch\/?page_id=610"},"modified":"2024-01-13T17:47:47","modified_gmt":"2024-01-13T17:47:47","slug":"uebersicht-immobilien","status":"publish","type":"page","link":"https:\/\/bgwiedlisbach.ch\/?page_id=610","title":{"rendered":"\u00dcbersicht Immobilien"},"content":{"rendered":"\n\n\t\t\t\t<img loading=\"lazy\" decoding=\"async\" src=\"https:\/\/bgwiedlisbach.ch\/wp-content\/uploads\/2022\/02\/Logo_Burgergemeinde.png\" alt=\"Logo_Burgergemeinde\" itemprop=\"image\" height=\"167\" width=\"174\" title=\"Logo_Burgergemeinde\" onerror=\"this.style.display='none'\"  \/>\n<h1>\n\t\t\u00dcbersicht\n\t<\/h1>\n\t\t\t\t\t\t\tDie Burgergemeinde ist im Besitz von\n\t\t\t7\n\t\t\t\t\t\t\tLiegenschaften\n\t\t\t<a href=\"\" target=\"_self\" rel=\"noopener\">\n\t\t\t<\/a>\n\t\t<img decoding=\"async\" src=\"https:\/\/bgwiedlisbach.ch\/wp-content\/plugins\/bb-plugin\/img\/pixel.png\" alt=\"\" itemprop=\"image\"\/>\n<h2>\n\t\tImmobilien\n\t<\/h2>\n\t\t\t\t<img loading=\"lazy\" decoding=\"async\" src=\"https:\/\/bgwiedlisbach.ch\/wp-content\/uploads\/2022\/05\/Immobilien_gerzmatt-scaled.jpg\" alt=\"Immobilien_gerzmatt\" itemprop=\"image\" height=\"1877\" width=\"2560\" title=\"Immobilien_gerzmatt\" onerror=\"this.style.display='none'\"  \/>\n\t<h4><strong>Gerzmatt (Gerzmattstrasse 1 und 3)<\/strong><\/h4>\n\t<p>Mehrfamilienh\u00e4user mit Mietwohnungen in Eigentumswohnungsqualit\u00e4t.<\/p>\n\t\t\t<a href=\"https:\/\/bgwiedlisbach.ch\/?page_id=626\" target=\"_self\" rel=\"noopener\">\n\t\t\t\t\t\t\tLesen Sie weiter\n\t\t\t<\/a>\n\t\t\t\t<img loading=\"lazy\" decoding=\"async\" src=\"https:\/\/bgwiedlisbach.ch\/wp-content\/uploads\/2024\/01\/Immobilien_buergerhaus-scaled.jpg\" alt=\"Immobilien_buergerhaus\" itemprop=\"image\" height=\"1877\" width=\"2560\" title=\"Immobilien_buergerhaus\" onerror=\"this.style.display='none'\"  \/>\n\t<h4><strong>B\u00fcrgerhaus (St\u00e4dtli 17 und 21)<\/strong><\/h4>\n\t<p>\u00a0Die neun Wohnungen wurden mit viel Liebe zum Detail und unter Ber\u00fccksichtigung der historischen Bausubstanz im 2016 \/ 2017 komplett saniert.<\/p>\n\t\t\t<a href=\"https:\/\/bgwiedlisbach.ch\/?page_id=1545\" target=\"_self\" rel=\"noopener\">\n\t\t\t\t\t\t\tLesen Sie weiter\n\t\t\t<\/a>\n\t\t\t\t<img loading=\"lazy\" decoding=\"async\" src=\"https:\/\/bgwiedlisbach.ch\/wp-content\/uploads\/2022\/05\/Immobilien_werkhof-scaled.jpg\" alt=\"Immobilien_werkhof\" itemprop=\"image\" height=\"1877\" width=\"2560\" title=\"Immobilien_werkhof\" onerror=\"this.style.display='none'\"  \/>\n\t<h4><strong>Werkhof (Holzgasse 102)<\/strong><\/h4>\n\t\t\t\t<img loading=\"lazy\" decoding=\"async\" src=\"https:\/\/bgwiedlisbach.ch\/wp-content\/uploads\/2022\/06\/Immobilien_badgaessli-11-scaled.jpg\" alt=\"Immobilien_badgaessli-11\" itemprop=\"image\" height=\"1877\" width=\"2560\" title=\"Immobilien_badgaessli-11\" onerror=\"this.style.display='none'\"  \/>\n\t<h4><strong>Badg\u00e4ssli 11<\/strong><\/h4>\n\t<p>Diese Liegenschaft wurde als strategische Reserve im Zuge des Neubaus der zwei Mehrfamilienh\u00e4user Gerzmatt erworben.<\/p>\n\t\t\t\t<img loading=\"lazy\" decoding=\"async\" src=\"https:\/\/bgwiedlisbach.ch\/wp-content\/uploads\/2022\/05\/Immobilien_heizzentrale-scaled.jpg\" alt=\"Immobilien_heizzentrale\" itemprop=\"image\" height=\"1877\" width=\"2560\" title=\"Immobilien_heizzentrale\" onerror=\"this.style.display='none'\"  \/>\n\t<h4><strong>Heizentrale (Weissensteinstrasse 107)<\/strong><\/h4>\n<p>&nbsp;<\/p>\n\t\t\t\t<img loading=\"lazy\" decoding=\"async\" src=\"https:\/\/bgwiedlisbach.ch\/wp-content\/uploads\/2022\/05\/Immobilien_waldhuetten-scaled.jpg\" alt=\"Immobilien_waldhuetten\" itemprop=\"image\" height=\"1877\" width=\"2560\" title=\"Immobilien_waldhuetten\" onerror=\"this.style.display='none'\"  \/>\n\t<h4><strong>Waldh\u00fctten<\/strong><\/h4>\n\t<p>Die Waldh\u00fctte Maienberg wird vermietet, das Chleih\u00f6lzli und der Ch\u00e4llerrain stehen f\u00fcr die ganze Bev\u00f6lkerung frei zur Verf\u00fcgung.<\/p>\n\t\t\t<a href=\"https:\/\/bgwiedlisbach.ch\/?page_id=680\" target=\"_self\" rel=\"noopener\">\n\t\t\t\t\t\t\tLesen Sie weiter\n\t\t\t<\/a>\n\t\t\t\t<img loading=\"lazy\" decoding=\"async\" src=\"https:\/\/bgwiedlisbach.ch\/wp-content\/uploads\/2022\/05\/Immobilien_baumkulturen-scaled.jpg\" alt=\"Immobilien_baumkulturen\" itemprop=\"image\" height=\"1877\" width=\"2560\" title=\"Immobilien_baumkulturen\" onerror=\"this.style.display='none'\"  \/>\n\t<h4><strong>Pachtland <\/strong><strong>und <\/strong><strong>Baumkulturen<\/strong><\/h4>\n\t<p>Die Burgergemeinde verf\u00fcgt \u00fcber beinahe 50\u00a0ha bewirtschaftetes Pachtland, welches an verschiedene ans\u00e4ssige Landwirte verpachtet wird.<\/p>\n<p>Weiter verf\u00fcgt die Burgergemeinde \u00fcber 171 Obstb\u00e4ume (Stand November 2021). Mehrheitlich Kirschb\u00e4ume, aber auch ein paar Apfel-, Birnen- und Zwetschgenb\u00e4ume geh\u00f6ren dazu. Die B\u00e4ume befinden sich im G\u00fcrbel (36\u00a0Stk.) und im Galgenholz (135 Stk.).<\/p>\n\t\t<img decoding=\"async\" src=\"https:\/\/bgwiedlisbach.ch\/wp-content\/plugins\/bb-plugin\/img\/pixel.png\" alt=\"\" itemprop=\"image\"\/>\n\n","protected":false},"excerpt":{"rendered":"<p>\u00dcbersicht Die Burgergemeinde ist im Besitz von 7 Liegenschaften Immobilien Gerzmatt (Gerzmattstrasse 1 und 3) Mehrfamilienh\u00e4user mit Mietwohnungen in Eigentumswohnungsqualit\u00e4t. Lesen Sie weiter B\u00fcrgerhaus (St\u00e4dtli 17 und 21) \u00a0Die neun Wohnungen wurden mit viel Liebe zum Detail und unter Ber\u00fccksichtigung der historischen Bausubstanz im 2016 \/ 2017 komplett saniert. Lesen Sie weiter Werkhof (Holzgasse 102)&hellip;<\/p>\n","protected":false},"author":1,"featured_media":0,"parent":1147,"menu_order":1,"comment_status":"closed","ping_status":"closed","template":"","meta":{"footnotes":""},"class_list":["post-610","page","type-page","status-publish","hentry"],"_links":{"self":[{"href":"https:\/\/bgwiedlisbach.ch\/index.php?rest_route=\/wp\/v2\/pages\/610","targetHints":{"allow":["GET"]}}],"collection":[{"href":"https:\/\/bgwiedlisbach.ch\/index.php?rest_route=\/wp\/v2\/pages"}],"about":[{"href":"https:\/\/bgwiedlisbach.ch\/index.php?rest_route=\/wp\/v2\/types\/page"}],"author":[{"embeddable":true,"href":"https:\/\/bgwiedlisbach.ch\/index.php?rest_route=\/wp\/v2\/users\/1"}],"replies":[{"embeddable":true,"href":"https:\/\/bgwiedlisbach.ch\/index.php?rest_route=%2Fwp%2Fv2%2Fcomments&post=610"}],"version-history":[{"count":35,"href":"https:\/\/bgwiedlisbach.ch\/index.php?rest_route=\/wp\/v2\/pages\/610\/revisions"}],"predecessor-version":[{"id":1571,"href":"https:\/\/bgwiedlisbach.ch\/index.php?rest_route=\/wp\/v2\/pages\/610\/revisions\/1571"}],"up":[{"embeddable":true,"href":"https:\/\/bgwiedlisbach.ch\/index.php?rest_route=\/wp\/v2\/pages\/1147"}],"wp:attachment":[{"href":"https:\/\/bgwiedlisbach.ch\/index.php?rest_route=%2Fwp%2Fv2%2Fmedia&parent=610"}],"curies":[{"name":"wp","href":"https:\/\/api.w.org\/{rel}","templated":true}]}}