{"id":680,"date":"2022-03-03T08:45:48","date_gmt":"2022-03-03T08:45:48","guid":{"rendered":"https:\/\/bgwiedlisbach.ch\/?page_id=680"},"modified":"2023-01-31T19:07:14","modified_gmt":"2023-01-31T19:07:14","slug":"waldhuetten","status":"publish","type":"page","link":"https:\/\/bgwiedlisbach.ch\/?page_id=680","title":{"rendered":"Waldh\u00fctten"},"content":{"rendered":"\n\n\t\t\t\t<img loading=\"lazy\" decoding=\"async\" src=\"https:\/\/bgwiedlisbach.ch\/wp-content\/uploads\/2022\/02\/Logo_Burgergemeinde.png\" alt=\"Logo_Burgergemeinde\" itemprop=\"image\" height=\"167\" width=\"174\" title=\"Logo_Burgergemeinde\" onerror=\"this.style.display='none'\"  \/>\n<h1>\n\t\tWaldh\u00fctten\n\t<\/h1>\n\t\t\t\t\t\t\tMaienberg bietet Platz f\u00fcr ca.\n\t\t\t50\n\t\t\t\t\t\t\tPersonen\n\t\t\t<a href=\"\" target=\"_self\" role=\"button\" rel=\"noopener\">\n\t\t\t<\/a>\n\t\t<img decoding=\"async\" src=\"https:\/\/bgwiedlisbach.ch\/wp-content\/plugins\/bb-plugin\/img\/pixel.png\" alt=\"\" itemprop=\"image\"\/>\n<h2>\n\t\tMaienberg\n\t<\/h2>\n\t<p>Die Maienbergwaldh\u00fctte bietet einen gedeckten Aussenbereich mit Grillstelle und gew\u00e4hrt Sitzgelegenheit f\u00fcr ca.\u00a050\u00a0Personen.<\/p>\n<p>Der Aussenberiecht kann, sofern er nicht besetzt ist, auch spontan kostenlos benutzt werden. Trockenes Feuerholz ist meistens vorhanden.<\/p>\n<p>Wer auch bei k\u00fchleren Temperaturen eine R\u00e4umlichkeit zum Mieten sucht, findet dies im Nebengeb\u00e4ude. In der alten Maienbergwaldh\u00fctte mit Chemin\u00e9e hat es Sitzgelegenheit f\u00fcr ca. 24 Personen. K\u00fcche ist keine vorhanden, lediglich ein WC sowie eine Gelegenheit zum H\u00e4ndewaschen ohne Trinkwasser. Licht und Strom wird \u00fcber ein installiertes Notstromaggregat gew\u00e4hrleistet.<\/p>\n<strong>Miete\/Reservation<\/strong><br \/>\nWer diese R\u00e4umlichkeiten mieten m\u00f6chte, melde sich doch bitte bei Jan Wagner unter der Nummer 078 944 11 78.\n\t\t\t<a href=\"https:\/\/bgwiedlisbach.ch\/wp-content\/uploads\/2022\/03\/Maienbergwaldhuette_anfahrt.pdf\" target=\"_blank\" role=\"button\" rel=\"noopener\">\n\t\t\t\t\t\t\tAnfahrt\n\t\t\t<\/a>\n\t\t\t<a href=\"https:\/\/bgwiedlisbach.ch\/wp-content\/uploads\/2022\/03\/Maienbergwaldhuette_mietvertrag.pdf\" target=\"_blank\" role=\"button\" rel=\"noopener\">\n\t\t\t\t\t\t\tMietvertrag\n\t\t\t<\/a>\n\t\t\t\t<img loading=\"lazy\" decoding=\"async\" src=\"https:\/\/bgwiedlisbach.ch\/wp-content\/uploads\/2022\/05\/Maienberg_01-scaled.jpg\" alt=\"Maienberg_01\" itemprop=\"image\" height=\"1708\" width=\"2560\" title=\"Maienberg_01\" onerror=\"this.style.display='none'\"  \/>\n\t\t\t\t<img loading=\"lazy\" decoding=\"async\" src=\"https:\/\/bgwiedlisbach.ch\/wp-content\/uploads\/2022\/05\/Maienberg_02-scaled.jpg\" alt=\"Maienberg_02\" itemprop=\"image\" height=\"1714\" width=\"2560\" title=\"Maienberg_02\" onerror=\"this.style.display='none'\"  \/>\n\t\t\t\t<img loading=\"lazy\" decoding=\"async\" src=\"https:\/\/bgwiedlisbach.ch\/wp-content\/uploads\/2022\/05\/Maienberg_03-scaled.jpg\" alt=\"Maienberg_03\" itemprop=\"image\" height=\"1799\" width=\"2560\" title=\"Maienberg_03\" onerror=\"this.style.display='none'\"  \/>\n\t\t\t\t<img loading=\"lazy\" decoding=\"async\" src=\"https:\/\/bgwiedlisbach.ch\/wp-content\/uploads\/2022\/05\/Maienberg_04-scaled.jpg\" alt=\"Maienberg_04\" itemprop=\"image\" height=\"1803\" width=\"2560\" title=\"Maienberg_04\" onerror=\"this.style.display='none'\"  \/>\n\t\t<img decoding=\"async\" src=\"https:\/\/bgwiedlisbach.ch\/wp-content\/plugins\/bb-plugin\/img\/pixel.png\" alt=\"\" itemprop=\"image\"\/>\n<h2>\n\t\tChleih\u00f6lzli\n\t<\/h2>\n\t<p>Die sch\u00f6ne Chleih\u00f6lzli-Waldh\u00fctte befindet sich im L\u00e4ngwald (siehe im beiligenden Situationsplan). In der rustikalen offenen Blockhaush\u00fctte befindet sich ein grossz\u00fcgiger Tisch mit Platz f\u00fcr ca. 18 Personen. Im Aussenbereich davor, befindet sich eine kleine Grillstelle mit zus\u00e4tzlichen Sitzgelegenheiten. Am Standort Chleih\u00f6lzli befindet sich kein trockenes Feuerholz und die H\u00fctte wird nicht \u00fcber Reservationen verwaltet. Die Nutzung f\u00fcr diesen idyllischen Platz steht f\u00fcr die ganze Bev\u00f6lkerung frei zur Verf\u00fcgung.<\/p>\n\t\t\t<a href=\"\" target=\"_blank\" role=\"button\" rel=\"noopener\">\n\t\t\t\t\t\t\tStandort\n\t\t\t<\/a>\n\t\t\t\t<img loading=\"lazy\" decoding=\"async\" src=\"https:\/\/bgwiedlisbach.ch\/wp-content\/uploads\/2022\/05\/Chleihoelzli_01-scaled.jpg\" alt=\"Chleihoelzli_01\" itemprop=\"image\" height=\"1707\" width=\"2560\" title=\"Chleihoelzli_01\" onerror=\"this.style.display='none'\"  \/>\n\t\t\t\t<img loading=\"lazy\" decoding=\"async\" src=\"https:\/\/bgwiedlisbach.ch\/wp-content\/uploads\/2022\/05\/Chleihoelzli_02-scaled.jpg\" alt=\"Chleihoelzli_02\" itemprop=\"image\" height=\"1707\" width=\"2560\" title=\"Chleihoelzli_02\" onerror=\"this.style.display='none'\"  \/>\n<h2>\n\t\tCh\u00e4llerrain\n\t<\/h2>\n\t<p>Die altehrw\u00fcrdige Ch\u00e4llerrain-Waldh\u00fctte befindet sich im L\u00e4ngwald (Ch\u00e4llerrain siehe im beiligenden Situationsplan) auf Gemeindegebiet von Oberbipp.<\/p>\n<p>In der einseitig offenen Blockhaush\u00fctte findet man einen gedeckten Tisch mit Platz f\u00fcr ca. 8 Personen. Im Aussenbereich davor, befindet sich eine kleine Grillstelle mit zus\u00e4tzlichen Sitzgelegenheiten. Am Standort Ch\u00e4llerrain befindet sich kein trockenes Feuerholz und die H\u00fctte wird nicht \u00fcber Reservationen verwaltet. Die Nutzung f\u00fcr diesen idyllischen Platz steht f\u00fcr die ganze Bev\u00f6lkerung frei zur Verf\u00fcgung.<\/p>\n\t\t\t<a href=\"https:\/\/bgwiedlisbach.ch\/wp-content\/uploads\/2022\/03\/Waldplan_chaellerrain-scaled.jpg\" target=\"_blank\" role=\"button\" rel=\"noopener\">\n\t\t\t\t\t\t\tStandort\n\t\t\t<\/a>\n\t\t\t\t<img loading=\"lazy\" decoding=\"async\" src=\"https:\/\/bgwiedlisbach.ch\/wp-content\/uploads\/2022\/06\/chaellerrain_01-scaled.jpg\" alt=\"chaellerrain_01\" itemprop=\"image\" height=\"1705\" width=\"2560\" title=\"chaellerrain_01\" onerror=\"this.style.display='none'\"  \/>\n\t\t\t\t<img loading=\"lazy\" decoding=\"async\" src=\"https:\/\/bgwiedlisbach.ch\/wp-content\/uploads\/2022\/06\/chaellerrain_02-scaled.jpg\" alt=\"chaellerrain_02\" itemprop=\"image\" height=\"1707\" width=\"2560\" title=\"chaellerrain_02\" onerror=\"this.style.display='none'\"  \/>\n\t\t\t\t<img loading=\"lazy\" decoding=\"async\" src=\"https:\/\/bgwiedlisbach.ch\/wp-content\/uploads\/2022\/06\/chaellerrain_03-1-scaled.jpg\" alt=\"chaellerrain_03\" itemprop=\"image\" height=\"1706\" width=\"2560\" title=\"chaellerrain_03\" onerror=\"this.style.display='none'\"  \/>\n\t\t\t\t<img loading=\"lazy\" decoding=\"async\" src=\"https:\/\/bgwiedlisbach.ch\/wp-content\/uploads\/2022\/06\/chaellerrain_04-2-scaled.jpg\" alt=\"chaellerrain_04\" itemprop=\"image\" height=\"1706\" width=\"2560\" title=\"chaellerrain_04\" onerror=\"this.style.display='none'\"  \/>\n\t\t<img decoding=\"async\" src=\"https:\/\/bgwiedlisbach.ch\/wp-content\/plugins\/bb-plugin\/img\/pixel.png\" alt=\"\" itemprop=\"image\"\/>\n\n","protected":false},"excerpt":{"rendered":"<p>Waldh\u00fctten Maienberg bietet Platz f\u00fcr ca. 50 Personen Maienberg Die Maienbergwaldh\u00fctte bietet einen gedeckten Aussenbereich mit Grillstelle und gew\u00e4hrt Sitzgelegenheit f\u00fcr ca.\u00a050\u00a0Personen. Der Aussenberiecht kann, sofern er nicht besetzt ist, auch spontan kostenlos benutzt werden. Trockenes Feuerholz ist meistens vorhanden. Wer auch bei k\u00fchleren Temperaturen eine R\u00e4umlichkeit zum Mieten sucht, findet dies im Nebengeb\u00e4ude. In&hellip;<\/p>\n","protected":false},"author":1,"featured_media":0,"parent":1147,"menu_order":3,"comment_status":"closed","ping_status":"closed","template":"","meta":{"footnotes":""},"class_list":["post-680","page","type-page","status-publish","hentry"],"_links":{"self":[{"href":"https:\/\/bgwiedlisbach.ch\/index.php?rest_route=\/wp\/v2\/pages\/680","targetHints":{"allow":["GET"]}}],"collection":[{"href":"https:\/\/bgwiedlisbach.ch\/index.php?rest_route=\/wp\/v2\/pages"}],"about":[{"href":"https:\/\/bgwiedlisbach.ch\/index.php?rest_route=\/wp\/v2\/types\/page"}],"author":[{"embeddable":true,"href":"https:\/\/bgwiedlisbach.ch\/index.php?rest_route=\/wp\/v2\/users\/1"}],"replies":[{"embeddable":true,"href":"https:\/\/bgwiedlisbach.ch\/index.php?rest_route=%2Fwp%2Fv2%2Fcomments&post=680"}],"version-history":[{"count":63,"href":"https:\/\/bgwiedlisbach.ch\/index.php?rest_route=\/wp\/v2\/pages\/680\/revisions"}],"predecessor-version":[{"id":1410,"href":"https:\/\/bgwiedlisbach.ch\/index.php?rest_route=\/wp\/v2\/pages\/680\/revisions\/1410"}],"up":[{"embeddable":true,"href":"https:\/\/bgwiedlisbach.ch\/index.php?rest_route=\/wp\/v2\/pages\/1147"}],"wp:attachment":[{"href":"https:\/\/bgwiedlisbach.ch\/index.php?rest_route=%2Fwp%2Fv2%2Fmedia&parent=680"}],"curies":[{"name":"wp","href":"https:\/\/api.w.org\/{rel}","templated":true}]}}