{"id":745,"date":"2022-03-04T13:02:19","date_gmt":"2022-03-04T13:02:19","guid":{"rendered":"https:\/\/bgwiedlisbach.ch\/?page_id=745"},"modified":"2025-02-03T05:44:44","modified_gmt":"2025-02-03T05:44:44","slug":"unser-wald","status":"publish","type":"page","link":"https:\/\/bgwiedlisbach.ch\/?page_id=745","title":{"rendered":"Unser Wald"},"content":{"rendered":"\n\n\t\t\t\t<img loading=\"lazy\" decoding=\"async\" src=\"https:\/\/bgwiedlisbach.ch\/wp-content\/uploads\/2022\/02\/Logo_Burgergemeinde.png\" alt=\"Logo_Burgergemeinde\" itemprop=\"image\" height=\"167\" width=\"174\" title=\"Logo_Burgergemeinde\" onerror=\"this.style.display='none'\"  \/>\n<h1>\n\t\tUnser Wald\n\t<\/h1>\n\t\t\t\t\t\t\tEigener Wald\n\t\t\t195\n\t\t\t\t\t\t\tin ha\n\t\t\t<a href=\"\" target=\"_self\">\n\t\t\t<\/a>\n\t\t<img decoding=\"async\" src=\"https:\/\/bgwiedlisbach.ch\/wp-content\/plugins\/bb-plugin\/img\/pixel.png\" alt=\"\" itemprop=\"image\"\/>\n<h2>\n\t\tUnser Wald\n\t<\/h2>\n\t<p>Die Burgergemeinde Wiedlisbach ist eine der Verbandsgemeinden des 2025 gegr\u00fcndeten Forstbetriebes \u00abForst H\u00e4llch\u00f6pfli\u00bb. Die beiden Forstbetriebe der Burgergemeinde Niederbipp und Burgergemeinde Wiedlisbach wurden mit Sitz in Niederbipp vereint. Die dritte Verbandsgemeinde ist die Burgergemeinde Attiswil. Der neue Betrieb bewirtschaftet die W\u00e4lder der drei Verbandsgemeinden, \u00fcbernimmt Revieraufgaben und ist ihr regionaler Ansprechpartner rund um alle Forstdienstleistungen.<\/p>\n<p>Weitere Informationen sind unter <strong><a href=\"https:\/\/forst-haellchoepfli.ch\/\">https:\/\/forst-haellchoepfli.ch\/<\/a><\/strong> zu finden.<\/p>\n<strong>Kontaktdaten:<br \/>\n<\/strong><strong>Forst H\u00e4llch\u00f6pfli<br \/>\n<\/strong><strong>Ziegelh\u00fctte 2<br \/>\n<\/strong><strong>4704 Niederbipp<\/strong>\n<a href=\"mailto:betrieb@forst-haellchoepfli.ch\"><strong>E-Mail:<\/strong><\/a><strong><br \/>\n<\/strong><a href=\"mailto:info@forst-haellchoepfli.ch\"><strong>info@forst-haellchoepfli.ch<\/strong><\/a><br \/>\n<a href=\"tel:123-456-7890\"><strong>Telefon: 079 631 12 94<\/strong><\/a>\n\t\t\t<a href=\"https:\/\/bgwiedlisbach.ch\/wp-content\/uploads\/2022\/02\/waldflaeche.pdf\" target=\"_blank\" rel=\"noopener\">\n\t\t\t\t\t\t\tWaldfl\u00e4chen\n\t\t\t<\/a>\n\t\t\t\t<img loading=\"lazy\" decoding=\"async\" src=\"https:\/\/bgwiedlisbach.ch\/wp-content\/uploads\/2022\/05\/unser-wald.jpg\" alt=\"unser-wald\" itemprop=\"image\" height=\"533\" width=\"800\" title=\"unser-wald\" onerror=\"this.style.display='none'\"  \/>\n\t\t<img decoding=\"async\" src=\"https:\/\/bgwiedlisbach.ch\/wp-content\/plugins\/bb-plugin\/img\/pixel.png\" alt=\"\" itemprop=\"image\"\/>\n\t\t\t\t<img loading=\"lazy\" decoding=\"async\" src=\"https:\/\/bgwiedlisbach.ch\/wp-content\/uploads\/2022\/03\/waldplan_total.jpg\" alt=\"waldplan_total\" itemprop=\"image\" height=\"1659\" width=\"2362\" title=\"waldplan_total\" onerror=\"this.style.display='none'\"  \/>\n<h2>\n\t\tWaldpl\u00e4ne\n\t<\/h2>\n\t<p>Die Waldfl\u00e4chen der Burgergemeinde Wiedlisbach umfassen neben den gr\u00f6sseren Fl\u00e4chen in Wiedlisbach auch Parzellen in Bannwil, Inkwil, Oberbipp, R\u00f6thenbach und Walliswil b. Wangen.<\/p>\n\t\t\t<a href=\"https:\/\/bgwiedlisbach.ch\/wp-content\/uploads\/2022\/03\/waldplan_total.jpg\" target=\"_blank\" rel=\"noopener\">\n\t\t\t\t\t\t\tWaldplan \u00dcbersicht\n\t\t\t<\/a>\n\t\t<img decoding=\"async\" src=\"https:\/\/bgwiedlisbach.ch\/wp-content\/plugins\/bb-plugin\/img\/pixel.png\" alt=\"\" itemprop=\"image\"\/>\n<h4>\n\t\tWaldplan Cha\u0308llerrain\n\t<\/h4>\n\t\t\t\t<img loading=\"lazy\" decoding=\"async\" src=\"https:\/\/bgwiedlisbach.ch\/wp-content\/uploads\/2022\/03\/Waldplan_chaellerrain-scaled.jpg\" alt=\"Waldplan_chaellerrain\" itemprop=\"image\" height=\"1810\" width=\"2560\" title=\"Waldplan_chaellerrain\" onerror=\"this.style.display='none'\"  \/>\n<h4>\n\t\tWaldplan Chleih\u00f6lzli\n\t<\/h4>\n\t\t\t\t<img loading=\"lazy\" decoding=\"async\" src=\"https:\/\/bgwiedlisbach.ch\/wp-content\/uploads\/2022\/03\/waldplan_chleihoelzli-scaled.jpg\" alt=\"waldplan_chleihoelzli\" itemprop=\"image\" height=\"1810\" width=\"2560\" title=\"waldplan_chleihoelzli\" onerror=\"this.style.display='none'\"  \/>\n<h4>\n\t\tWaldplan L\u00e4ngwald\n\t<\/h4>\n\t\t\t\t<img loading=\"lazy\" decoding=\"async\" src=\"https:\/\/bgwiedlisbach.ch\/wp-content\/uploads\/2022\/03\/waldplan_laengwald-scaled.jpg\" alt=\"waldplan_laengwald\" itemprop=\"image\" height=\"1810\" width=\"2560\" title=\"waldplan_laengwald\" onerror=\"this.style.display='none'\"  \/>\n<h4>\n\t\tWaldplan Stiereweidwald\n\t<\/h4>\n\t\t\t\t<img loading=\"lazy\" decoding=\"async\" src=\"https:\/\/bgwiedlisbach.ch\/wp-content\/uploads\/2022\/03\/waldplan_stiereweidwald-scaled.jpg\" alt=\"waldplan_stiereweidwald\" itemprop=\"image\" height=\"1810\" width=\"2560\" title=\"waldplan_stiereweidwald\" onerror=\"this.style.display='none'\"  \/>\n\t\t<img decoding=\"async\" src=\"https:\/\/bgwiedlisbach.ch\/wp-content\/plugins\/bb-plugin\/img\/pixel.png\" alt=\"\" itemprop=\"image\"\/>\n\n","protected":false},"excerpt":{"rendered":"<p>Unser Wald Eigener Wald 195 in ha Unser Wald Die Burgergemeinde Wiedlisbach ist eine der Verbandsgemeinden des 2025 gegr\u00fcndeten Forstbetriebes \u00abForst H\u00e4llch\u00f6pfli\u00bb. Die beiden Forstbetriebe der Burgergemeinde Niederbipp und Burgergemeinde Wiedlisbach wurden mit Sitz in Niederbipp vereint. Die dritte Verbandsgemeinde ist die Burgergemeinde Attiswil. Der neue Betrieb bewirtschaftet die W\u00e4lder der drei Verbandsgemeinden, \u00fcbernimmt Revieraufgaben&hellip;<\/p>\n","protected":false},"author":1,"featured_media":0,"parent":348,"menu_order":2,"comment_status":"closed","ping_status":"closed","template":"","meta":{"footnotes":""},"class_list":["post-745","page","type-page","status-publish","hentry"],"_links":{"self":[{"href":"https:\/\/bgwiedlisbach.ch\/index.php?rest_route=\/wp\/v2\/pages\/745","targetHints":{"allow":["GET"]}}],"collection":[{"href":"https:\/\/bgwiedlisbach.ch\/index.php?rest_route=\/wp\/v2\/pages"}],"about":[{"href":"https:\/\/bgwiedlisbach.ch\/index.php?rest_route=\/wp\/v2\/types\/page"}],"author":[{"embeddable":true,"href":"https:\/\/bgwiedlisbach.ch\/index.php?rest_route=\/wp\/v2\/users\/1"}],"replies":[{"embeddable":true,"href":"https:\/\/bgwiedlisbach.ch\/index.php?rest_route=%2Fwp%2Fv2%2Fcomments&post=745"}],"version-history":[{"count":36,"href":"https:\/\/bgwiedlisbach.ch\/index.php?rest_route=\/wp\/v2\/pages\/745\/revisions"}],"predecessor-version":[{"id":1756,"href":"https:\/\/bgwiedlisbach.ch\/index.php?rest_route=\/wp\/v2\/pages\/745\/revisions\/1756"}],"up":[{"embeddable":true,"href":"https:\/\/bgwiedlisbach.ch\/index.php?rest_route=\/wp\/v2\/pages\/348"}],"wp:attachment":[{"href":"https:\/\/bgwiedlisbach.ch\/index.php?rest_route=%2Fwp%2Fv2%2Fmedia&parent=745"}],"curies":[{"name":"wp","href":"https:\/\/api.w.org\/{rel}","templated":true}]}}