{"id":768,"date":"2022-03-05T15:08:14","date_gmt":"2022-03-05T15:08:14","guid":{"rendered":"https:\/\/bgwiedlisbach.ch\/?page_id=768"},"modified":"2025-12-03T17:44:22","modified_gmt":"2025-12-03T17:44:22","slug":"downloads","status":"publish","type":"page","link":"https:\/\/bgwiedlisbach.ch\/?page_id=768","title":{"rendered":"Downloads"},"content":{"rendered":"\n\n\t\t\t\t<img loading=\"lazy\" decoding=\"async\" src=\"https:\/\/bgwiedlisbach.ch\/wp-content\/uploads\/2022\/02\/Logo_Burgergemeinde.png\" alt=\"Logo_Burgergemeinde\" itemprop=\"image\" height=\"167\" width=\"174\" title=\"Logo_Burgergemeinde\" onerror=\"this.style.display='none'\"  \/>\n\t\t<img decoding=\"async\" src=\"https:\/\/bgwiedlisbach.ch\/wp-content\/plugins\/bb-plugin\/img\/pixel.png\" alt=\"\" itemprop=\"image\"\/>\n<h2>\n\t\tDownloads\n\t<\/h2>\n<h3>\n\t\tWald\n\t<\/h3>\n\t\t\t<a href=\"https:\/\/bgwiedlisbach.ch\/wp-content\/uploads\/2022\/02\/waldflaeche.pdf\" target=\"_blank\" rel=\"noopener\">\n\t\t\t\t\t\t\tWaldfl\u00e4chen\n\t\t\t<\/a>\n\t\t\t<a href=\"https:\/\/bgwiedlisbach.ch\/wp-content\/uploads\/2022\/03\/waldplan_total.jpg\" target=\"_blank\" rel=\"noopener\">\n\t\t\t\t\t\t\tWaldplan \u00dcbersicht\n\t\t\t<\/a>\n\t\t\t<a href=\"https:\/\/bgwiedlisbach.ch\/wp-content\/uploads\/2022\/03\/Waldplan_chaellerrain-scaled.jpg\" target=\"_blank\" rel=\"noopener\">\n\t\t\t\t\t\t\tWaldplan Cha\u0308llerrain\n\t\t\t<\/a>\n\t\t\t<a href=\"https:\/\/bgwiedlisbach.ch\/wp-content\/uploads\/2022\/03\/waldplan_chleihoelzli-scaled.jpg\" target=\"_blank\" rel=\"noopener\">\n\t\t\t\t\t\t\tWaldplan Chleih\u00f6lzli\n\t\t\t<\/a>\n\t\t\t<a href=\"https:\/\/bgwiedlisbach.ch\/wp-content\/uploads\/2022\/03\/waldplan_laengwald-scaled.jpg\" target=\"_blank\" rel=\"noopener\">\n\t\t\t\t\t\t\tWaldplan L\u00e4ngwald\n\t\t\t<\/a>\n\t\t\t<a href=\"https:\/\/bgwiedlisbach.ch\/wp-content\/uploads\/2022\/03\/waldplan_stiereweidwald-scaled.jpg\" target=\"_blank\" rel=\"noopener\">\n\t\t\t\t\t\t\tWaldplan Stiereweidwald\n\t\t\t<\/a>\n<h3>\n\t\tWaldh\u00fctte Maienberg\n\t<\/h3>\n\t\t\t<a href=\"https:\/\/bgwiedlisbach.ch\/wp-content\/uploads\/2022\/03\/Maienbergwaldhuette_mietvertrag.pdf\" target=\"_blank\" rel=\"noopener\">\n\t\t\t\t\t\t\tMietvertrag\n\t\t\t<\/a>\n\t\t\t<a href=\"https:\/\/bgwiedlisbach.ch\/wp-content\/uploads\/2022\/03\/Maienbergwaldhuette_anfahrt.pdf\" target=\"_blank\" rel=\"noopener\">\n\t\t\t\t\t\t\tAnfahrt\n\t\t\t<\/a>\n<h3>\n\t\tHeizzentrale\n\t<\/h3>\n\t\t\t<a href=\"https:\/\/bgwiedlisbach.ch\/wp-content\/uploads\/2024\/11\/2023_4537_Wiedlisbach_wv.pdf\" target=\"_blank\" rel=\"noopener\">\n\t\t\t\t\t\t\tDatenblatt Heizzentrale\n\t\t\t<\/a>\n<h3>\n\t\tReglemente Burgergemeinde Wiedlisbach\n\t<\/h3>\n\t\t\t<a href=\"https:\/\/bgwiedlisbach.ch\/wp-content\/uploads\/2022\/12\/Organisationsreglement-BG-Wiedlisbach.pdf\" target=\"_blank\" rel=\"noopener\">\n\t\t\t\t\t\t\tOrganisationsreglement\n\t\t\t<\/a>\n\t\t\t<a href=\"https:\/\/bgwiedlisbach.ch\/wp-content\/uploads\/2022\/12\/Nutzungsreglement-BG-Wiedlisbach.pdf\" target=\"_blank\" rel=\"noopener\">\n\t\t\t\t\t\t\tNutzungsreglement\n\t\t\t<\/a>\n\t\t\t<a href=\"https:\/\/bgwiedlisbach.ch\/wp-content\/uploads\/2022\/12\/Pachtreglement-BG-Wiedlisbach.pdf\" target=\"_blank\" rel=\"noopener\">\n\t\t\t\t\t\t\tPachtreglement\n\t\t\t<\/a>\n\t\t\t<a href=\"https:\/\/bgwiedlisbach.ch\/wp-content\/uploads\/2022\/12\/Besoldungs-Spesen-und-Geb.Regl_.-BG-Wiedlisbach.pdf\" target=\"_blank\" rel=\"noopener\">\n\t\t\t\t\t\t\tBesoldungs-, Spesen- und Geb\u00fchrenreglement\n\t\t\t<\/a>\n<h3>\n\t\tProtokolle Burgerversammlung\n\t<\/h3>\n\t\t\t<a href=\"https:\/\/bgwiedlisbach.ch\/wp-content\/uploads\/2025\/12\/Protokoll-BGV-25.11.2025.pdf\" target=\"_blank\" rel=\"noopener\">\n\t\t\t\t\t\t\tHerbst 2025\n\t\t\t<\/a>\n\t\t\t<a href=\"https:\/\/bgwiedlisbach.ch\/wp-content\/uploads\/2025\/05\/Protokoll-Burgerversammlung-29.04.2025.pdf\" target=\"_blank\" rel=\"noopener\">\n\t\t\t\t\t\t\tFr\u00fchling 2025\n\t\t\t<\/a>\n\t\t<img decoding=\"async\" src=\"https:\/\/bgwiedlisbach.ch\/wp-content\/plugins\/bb-plugin\/img\/pixel.png\" alt=\"\" itemprop=\"image\"\/>\n\n","protected":false},"excerpt":{"rendered":"<p>Downloads Wald Waldfl\u00e4chen Waldplan \u00dcbersicht Waldplan Cha\u0308llerrain Waldplan Chleih\u00f6lzli Waldplan L\u00e4ngwald Waldplan Stiereweidwald Waldh\u00fctte Maienberg Mietvertrag Anfahrt Heizzentrale Datenblatt Heizzentrale Reglemente Burgergemeinde Wiedlisbach Organisationsreglement Nutzungsreglement Pachtreglement Besoldungs-, Spesen- und Geb\u00fchrenreglement Protokolle Burgerversammlung Herbst 2025 Fr\u00fchling 2025<\/p>\n","protected":false},"author":1,"featured_media":0,"parent":0,"menu_order":0,"comment_status":"closed","ping_status":"closed","template":"","meta":{"footnotes":""},"class_list":["post-768","page","type-page","status-publish","hentry"],"_links":{"self":[{"href":"https:\/\/bgwiedlisbach.ch\/index.php?rest_route=\/wp\/v2\/pages\/768","targetHints":{"allow":["GET"]}}],"collection":[{"href":"https:\/\/bgwiedlisbach.ch\/index.php?rest_route=\/wp\/v2\/pages"}],"about":[{"href":"https:\/\/bgwiedlisbach.ch\/index.php?rest_route=\/wp\/v2\/types\/page"}],"author":[{"embeddable":true,"href":"https:\/\/bgwiedlisbach.ch\/index.php?rest_route=\/wp\/v2\/users\/1"}],"replies":[{"embeddable":true,"href":"https:\/\/bgwiedlisbach.ch\/index.php?rest_route=%2Fwp%2Fv2%2Fcomments&post=768"}],"version-history":[{"count":39,"href":"https:\/\/bgwiedlisbach.ch\/index.php?rest_route=\/wp\/v2\/pages\/768\/revisions"}],"predecessor-version":[{"id":1863,"href":"https:\/\/bgwiedlisbach.ch\/index.php?rest_route=\/wp\/v2\/pages\/768\/revisions\/1863"}],"wp:attachment":[{"href":"https:\/\/bgwiedlisbach.ch\/index.php?rest_route=%2Fwp%2Fv2%2Fmedia&parent=768"}],"curies":[{"name":"wp","href":"https:\/\/api.w.org\/{rel}","templated":true}]}}