{"id":835,"date":"2022-03-30T06:11:24","date_gmt":"2022-03-30T06:11:24","guid":{"rendered":"https:\/\/bgwiedlisbach.ch\/?page_id=835"},"modified":"2025-01-08T17:57:49","modified_gmt":"2025-01-08T17:57:49","slug":"angebot","status":"publish","type":"page","link":"https:\/\/bgwiedlisbach.ch\/?page_id=835","title":{"rendered":"Angebot"},"content":{"rendered":"\n\n\t\t\t\t<img loading=\"lazy\" decoding=\"async\" src=\"https:\/\/bgwiedlisbach.ch\/wp-content\/uploads\/2022\/02\/Logo_Burgergemeinde.png\" alt=\"Logo_Burgergemeinde\" itemprop=\"image\" height=\"167\" width=\"174\" title=\"Logo_Burgergemeinde\" onerror=\"this.style.display='none'\"  \/>\n<h1>\n\t\tAngebot\n\t<\/h1>\n\t\t\t\t\t\t\tHolzernte in unserem Wald\n\t\t\t1,770 m&#038;sup3\n\t\t\t\t\t\t\tim Jahr 2023\n\t\t\t<a href=\"\" target=\"_self\">\n\t\t\t<\/a>\n\t\t<img decoding=\"async\" src=\"https:\/\/bgwiedlisbach.ch\/wp-content\/plugins\/bb-plugin\/img\/pixel.png\" alt=\"\" itemprop=\"image\"\/>\n<h2>\n\t\tDienstleistungen\n\t<\/h2>\n\t<p>Der Forstbetrieb ist ihr Ansprechpartner f\u00fcr Arbeiten rund um Holz und Wald.<\/p>\n<p>Neben den eher typischen Dienstleistungen wie Waldbewirtschaftung und Holzschl\u00e4ge ist er aber auch im Winter bei der Schneer\u00e4umung im Einsatz oder produziert Sachg\u00fcter auf Anfrage.<\/p>\n<p>Nicht zuletzt ist er auch stolzer Ausbildungsbetrieb und bildet erfolgreich Jugendliche oder junge Erwachsene zu Forstwartinnen oder Forstwarten aus.<\/p>\n\t\t\t<a href=\"https:\/\/forst-haellchoepfli.ch\/\" target=\"_blank\" rel=\"noopener\">\n\t\t\t\t\t\t\tForst H\u00e4llch\u00f6pfli\n\t\t\t<\/a>\n\t\t\t\t<img loading=\"lazy\" decoding=\"async\" src=\"https:\/\/bgwiedlisbach.ch\/wp-content\/uploads\/2022\/03\/PHOTO-2022-02-04-16-03-58.jpg\" alt=\"PHOTO-2022-02-04-16-03-58\" itemprop=\"image\" height=\"1500\" width=\"2000\" title=\"PHOTO-2022-02-04-16-03-58\" onerror=\"this.style.display='none'\"  \/>\n\t\t\t\t<img loading=\"lazy\" decoding=\"async\" src=\"https:\/\/bgwiedlisbach.ch\/wp-content\/uploads\/2022\/05\/spezialholzerei_00-scaled.jpg\" alt=\"spezialholzerei_00\" itemprop=\"image\" height=\"1920\" width=\"2560\" title=\"spezialholzerei_00\" onerror=\"this.style.display='none'\"  \/>\n<h2>\n\t\tSpezialangebot\n\t<\/h2>\n\tProduktion Sachg\u00fcter auf Anfrage:<br \/>\nz.B Finnenkerzen, B\u00e4nke, Tische oder Brunnen\n<p>F\u00fcr ein individuelles Angebot k\u00f6nnen Sie einfach bei uns im Forstbetrieb unter der Telefonnummer <a href=\"tel:\/\/032 631 07 34\">079 631 12 94<\/a>\u00a0anrufen.<\/p>\n\t\t\t\t<img loading=\"lazy\" decoding=\"async\" src=\"https:\/\/bgwiedlisbach.ch\/wp-content\/uploads\/2022\/05\/spezialholzerei_01.jpg\" alt=\"spezialholzerei_01\" itemprop=\"image\" height=\"768\" width=\"1024\" title=\"spezialholzerei_01\" onerror=\"this.style.display='none'\"  \/>\n\t<p>Holzbrunnen<\/p>\n\t\t<img decoding=\"async\" src=\"https:\/\/bgwiedlisbach.ch\/wp-content\/plugins\/bb-plugin\/img\/pixel.png\" alt=\"\" itemprop=\"image\"\/>\n\t\t\t\t<img loading=\"lazy\" decoding=\"async\" src=\"https:\/\/bgwiedlisbach.ch\/wp-content\/uploads\/2022\/05\/spezialholzerei_03.jpg\" alt=\"spezialholzerei_03\" itemprop=\"image\" height=\"747\" width=\"996\" title=\"spezialholzerei_03\" onerror=\"this.style.display='none'\"  \/>\n\t<p>Holzbank mit Rugelf\u00fcssen<\/p>\n\t\t\t\t<img loading=\"lazy\" decoding=\"async\" src=\"https:\/\/bgwiedlisbach.ch\/wp-content\/uploads\/2022\/05\/spezialholzerei_04-scaled.jpg\" alt=\"spezialholzerei_04\" itemprop=\"image\" height=\"1920\" width=\"2560\" title=\"spezialholzerei_04\" onerror=\"this.style.display='none'\"  \/>\n\t<p>Holzb\u00e4nke lackiert<\/p>\n\t\t\t\t<img loading=\"lazy\" decoding=\"async\" src=\"https:\/\/bgwiedlisbach.ch\/wp-content\/uploads\/2022\/05\/spezialholzerei_05-scaled.jpg\" alt=\"spezialholzerei_05\" itemprop=\"image\" height=\"1920\" width=\"2560\" title=\"spezialholzerei_05\" onerror=\"this.style.display='none'\"  \/>\n\t<p>Tischgarnitur massiv<\/p>\n\t\t\t\t<img loading=\"lazy\" decoding=\"async\" src=\"https:\/\/bgwiedlisbach.ch\/wp-content\/uploads\/2023\/05\/bbb9c144-d387-4b68-889d-e1455eca33c5.jpg\" alt=\"bbb9c144-d387-4b68-889d-e1455eca33c5\" itemprop=\"image\" height=\"680\" width=\"917\" title=\"bbb9c144-d387-4b68-889d-e1455eca33c5\" onerror=\"this.style.display='none'\"  \/>\n\t<p>Spezialanfertigung<\/p>\n\t\t<img decoding=\"async\" src=\"https:\/\/bgwiedlisbach.ch\/wp-content\/plugins\/bb-plugin\/img\/pixel.png\" alt=\"\" itemprop=\"image\"\/>\n\n","protected":false},"excerpt":{"rendered":"<p>Angebot Holzernte in unserem Wald 1,770 m&#038;sup3 im Jahr 2023 Dienstleistungen Der Forstbetrieb ist ihr Ansprechpartner f\u00fcr Arbeiten rund um Holz und Wald. Neben den eher typischen Dienstleistungen wie Waldbewirtschaftung und Holzschl\u00e4ge ist er aber auch im Winter bei der Schneer\u00e4umung im Einsatz oder produziert Sachg\u00fcter auf Anfrage. Nicht zuletzt ist er auch stolzer Ausbildungsbetrieb&hellip;<\/p>\n","protected":false},"author":1,"featured_media":0,"parent":348,"menu_order":4,"comment_status":"closed","ping_status":"closed","template":"","meta":{"footnotes":""},"class_list":["post-835","page","type-page","status-publish","hentry"],"_links":{"self":[{"href":"https:\/\/bgwiedlisbach.ch\/index.php?rest_route=\/wp\/v2\/pages\/835","targetHints":{"allow":["GET"]}}],"collection":[{"href":"https:\/\/bgwiedlisbach.ch\/index.php?rest_route=\/wp\/v2\/pages"}],"about":[{"href":"https:\/\/bgwiedlisbach.ch\/index.php?rest_route=\/wp\/v2\/types\/page"}],"author":[{"embeddable":true,"href":"https:\/\/bgwiedlisbach.ch\/index.php?rest_route=\/wp\/v2\/users\/1"}],"replies":[{"embeddable":true,"href":"https:\/\/bgwiedlisbach.ch\/index.php?rest_route=%2Fwp%2Fv2%2Fcomments&post=835"}],"version-history":[{"count":45,"href":"https:\/\/bgwiedlisbach.ch\/index.php?rest_route=\/wp\/v2\/pages\/835\/revisions"}],"predecessor-version":[{"id":1741,"href":"https:\/\/bgwiedlisbach.ch\/index.php?rest_route=\/wp\/v2\/pages\/835\/revisions\/1741"}],"up":[{"embeddable":true,"href":"https:\/\/bgwiedlisbach.ch\/index.php?rest_route=\/wp\/v2\/pages\/348"}],"wp:attachment":[{"href":"https:\/\/bgwiedlisbach.ch\/index.php?rest_route=%2Fwp%2Fv2%2Fmedia&parent=835"}],"curies":[{"name":"wp","href":"https:\/\/api.w.org\/{rel}","templated":true}]}}