{"id":964,"date":"2022-05-10T06:46:59","date_gmt":"2022-05-10T06:46:59","guid":{"rendered":"https:\/\/bgwiedlisbach.ch\/?page_id=964"},"modified":"2024-04-11T18:59:42","modified_gmt":"2024-04-11T18:59:42","slug":"heizzentrale","status":"publish","type":"page","link":"https:\/\/bgwiedlisbach.ch\/?page_id=964","title":{"rendered":"Heizzentrale"},"content":{"rendered":"\n\n\t\t\t\t<img loading=\"lazy\" decoding=\"async\" src=\"https:\/\/bgwiedlisbach.ch\/wp-content\/uploads\/2022\/02\/Logo_Burgergemeinde.png\" alt=\"Logo_Burgergemeinde\" itemprop=\"image\" height=\"167\" width=\"174\" title=\"Logo_Burgergemeinde\" onerror=\"this.style.display='none'\"  \/>\n<h1>\n\t\tHeizzentrale\n\t<\/h1>\n\t\t\t\t\t\t\tProduzierte W\u00e4rme<br \/>seit 2021\n\t\t\t7,835,570 kWh\n\t\t\t\t\t\t\tTotal\n\t\t\t<a href=\"\" target=\"_self\" rel=\"noopener\">\n\t\t\t<\/a>\n\t\t<img decoding=\"async\" src=\"https:\/\/bgwiedlisbach.ch\/wp-content\/plugins\/bb-plugin\/img\/pixel.png\" alt=\"\" itemprop=\"image\"\/>\n\t\t<img decoding=\"async\" src=\"https:\/\/bgwiedlisbach.ch\/wp-content\/plugins\/bb-plugin\/img\/pixel.png\" alt=\"\" itemprop=\"image\"\/>\n\t\t<img decoding=\"async\" src=\"https:\/\/bgwiedlisbach.ch\/wp-content\/plugins\/bb-plugin\/img\/pixel.png\" alt=\"\" itemprop=\"image\"\/>\n\t\t\t\t<img loading=\"lazy\" decoding=\"async\" src=\"https:\/\/bgwiedlisbach.ch\/wp-content\/uploads\/2022\/05\/HZ_infrastruktur_00-scaled.jpg\" alt=\"HZ_infrastruktur_00\" itemprop=\"image\" height=\"1708\" width=\"2560\" title=\"HZ_infrastruktur_00\" onerror=\"this.style.display='none'\"  \/>\n<h2>\n\t\tInfrastruktur\n\t<\/h2>\n\t<p>Die Heizzentrale wurde 2018 mit Ortbetonw\u00e4nden (Giebel) durch die Firma Gunep GmbH aus Diegten gebaut.<\/p>\n<p>Hier pr\u00e4sentieren wir Ihnen einige Einblicke in das spannende Innere.<\/p>\n\t\t\t\t<img loading=\"lazy\" decoding=\"async\" src=\"https:\/\/bgwiedlisbach.ch\/wp-content\/uploads\/2022\/05\/HZ_holzschnitzelbunker-scaled.jpg\" alt=\"HZ_holzschnitzelbunker\" itemprop=\"image\" height=\"1919\" width=\"2560\" title=\"HZ_holzschnitzelbunker\" onerror=\"this.style.display='none'\"  \/>\n\t<p>Holzschnitzel\u00adbunker<\/p>\n\t\t<img decoding=\"async\" src=\"https:\/\/bgwiedlisbach.ch\/wp-content\/plugins\/bb-plugin\/img\/pixel.png\" alt=\"\" itemprop=\"image\"\/>\n\t\t\t\t<img loading=\"lazy\" decoding=\"async\" src=\"https:\/\/bgwiedlisbach.ch\/wp-content\/uploads\/2022\/05\/HZ_hovalsteuerung-scaled.jpg\" alt=\"HZ_hovalsteuerung\" itemprop=\"image\" height=\"1920\" width=\"2560\" title=\"HZ_hovalsteuerung\" onerror=\"this.style.display='none'\"  \/>\n\t<p>\u00adHoval\u00adsteuerung<\/p>\n\t\t\t\t<img loading=\"lazy\" decoding=\"async\" src=\"https:\/\/bgwiedlisbach.ch\/wp-content\/uploads\/2022\/05\/HZ_schmid-700-kW-ofen-scaled.jpg\" alt=\"HZ_schmid-700-kW-ofen\" itemprop=\"image\" height=\"1920\" width=\"2560\" title=\"HZ_schmid-700-kW-ofen\" onerror=\"this.style.display='none'\"  \/>\n\t<p>Schmid 700 kW und 900 kW Holzschnitzel\u00adofen<\/p>\n\t\t\t\t<img loading=\"lazy\" decoding=\"async\" src=\"https:\/\/bgwiedlisbach.ch\/wp-content\/uploads\/2022\/05\/HZ_Netzpumpen-fu\u0308r-Waermeverteilung.jpg\" alt=\"HZ_Netzpumpen-fu\u0308r-Waermeverteilung\" itemprop=\"image\" height=\"1728\" width=\"2304\" title=\"HZ_Netzpumpen-fu\u0308r-Waermeverteilung\" onerror=\"this.style.display='none'\"  \/>\n\t<p>Netzpumpen fu\u0308r Wa\u0308rme\u00adverteilung<\/p>\n\t\t\t\t<img loading=\"lazy\" decoding=\"async\" src=\"https:\/\/bgwiedlisbach.ch\/wp-content\/uploads\/2022\/06\/HZ_querfoerderer-schnitzelbunker-scaled.jpg\" alt=\"HZ_querfoerderer-schnitzelbunker\" itemprop=\"image\" height=\"1920\" width=\"2560\" title=\"HZ_querfoerderer-schnitzelbunker\" onerror=\"this.style.display='none'\"  \/>\n\t<p>Querf\u00f6rderer Schnitzelbunker<\/p>\n\t\t\t\t<img loading=\"lazy\" decoding=\"async\" src=\"https:\/\/bgwiedlisbach.ch\/wp-content\/uploads\/2022\/05\/HZ_oelofen-notbetrieb-scaled.jpg\" alt=\"HZ_oelofen-notbetrieb\" itemprop=\"image\" height=\"1920\" width=\"2560\" title=\"HZ_oelofen-notbetrieb\" onerror=\"this.style.display='none'\"  \/>\n\t<p>\u00d6lofen f\u00fcr Notbetrieb<\/p>\n\t\t\t\t<img loading=\"lazy\" decoding=\"async\" src=\"https:\/\/bgwiedlisbach.ch\/wp-content\/uploads\/2022\/05\/HZ_thermische-solaranlage.jpg\" alt=\"HZ_thermische-solaranlage\" itemprop=\"image\" height=\"1282\" width=\"1710\" title=\"HZ_thermische-solaranlage\" onerror=\"this.style.display='none'\"  \/>\n\t<p>Thermische Solaranlage<\/p>\n\t\t\t\t<img loading=\"lazy\" decoding=\"async\" src=\"https:\/\/bgwiedlisbach.ch\/wp-content\/uploads\/2022\/06\/HZ_hochspannungsfiler-elekto.jpg\" alt=\"HZ_hochspannungsfiler-elekto\" itemprop=\"image\" height=\"1738\" width=\"2304\" title=\"HZ_hochspannungsfiler-elekto\" onerror=\"this.style.display='none'\"  \/>\n\t<p>Hochspannungsfilter Elektro<\/p>\n\t\t\t\t<img loading=\"lazy\" decoding=\"async\" src=\"https:\/\/bgwiedlisbach.ch\/wp-content\/uploads\/2022\/06\/HZ_entschwadungsanlage-scaled.jpg\" alt=\"HZ_entschwadungsanlage\" itemprop=\"image\" height=\"1926\" width=\"2560\" title=\"HZ_entschwadungsanlage\" onerror=\"this.style.display='none'\"  \/>\n\t<p>Entschwadungsanlage<\/p>\n\t\t\t\t<img loading=\"lazy\" decoding=\"async\" src=\"https:\/\/bgwiedlisbach.ch\/wp-content\/uploads\/2022\/06\/HZ_waermetauscher-solar-scaled.jpg\" alt=\"HZ_waermetauscher-solar\" itemprop=\"image\" height=\"1920\" width=\"2560\" title=\"HZ_waermetauscher-solar\" onerror=\"this.style.display='none'\"  \/>\n\t<p>W\u00e4rmetauscher Solaranlage<\/p>\n\t\t\t\t<img loading=\"lazy\" decoding=\"async\" src=\"https:\/\/bgwiedlisbach.ch\/wp-content\/uploads\/2022\/06\/HZ_waermerueckgewinnung-scaled.jpg\" alt=\"HZ_waermerueckgewinnung\" itemprop=\"image\" height=\"1920\" width=\"2560\" title=\"HZ_waermerueckgewinnung\" onerror=\"this.style.display='none'\"  \/>\n\t<p>W\u00e4rmer\u00fcckgewinnung<\/p>\n\t\t\t\t<img loading=\"lazy\" decoding=\"async\" src=\"https:\/\/bgwiedlisbach.ch\/wp-content\/uploads\/2022\/06\/HZ_waermeverteilung-scaled.jpg\" alt=\"HZ_waermeverteilung\" itemprop=\"image\" height=\"1920\" width=\"2560\" title=\"HZ_waermeverteilung\" onerror=\"this.style.display='none'\"  \/>\n\t<p>W\u00e4rmeverteilung<\/p>\n\t\t<img decoding=\"async\" src=\"https:\/\/bgwiedlisbach.ch\/wp-content\/plugins\/bb-plugin\/img\/pixel.png\" alt=\"\" itemprop=\"image\"\/>\n\t\t<img decoding=\"async\" src=\"https:\/\/bgwiedlisbach.ch\/wp-content\/plugins\/bb-plugin\/img\/pixel.png\" alt=\"\" itemprop=\"image\"\/>\n\n","protected":false},"excerpt":{"rendered":"<p>Heizzentrale Produzierte W\u00e4rmeseit 2021 7,835,570 kWh Total Infrastruktur Die Heizzentrale wurde 2018 mit Ortbetonw\u00e4nden (Giebel) durch die Firma Gunep GmbH aus Diegten gebaut. Hier pr\u00e4sentieren wir Ihnen einige Einblicke in das spannende Innere. Holzschnitzel\u00adbunker \u00adHoval\u00adsteuerung Schmid 700 kW und 900 kW Holzschnitzel\u00adofen Netzpumpen fu\u0308r Wa\u0308rme\u00adverteilung Querf\u00f6rderer Schnitzelbunker \u00d6lofen f\u00fcr Notbetrieb Thermische Solaranlage Hochspannungsfilter Elektro Entschwadungsanlage&hellip;<\/p>\n","protected":false},"author":1,"featured_media":0,"parent":360,"menu_order":2,"comment_status":"closed","ping_status":"closed","template":"","meta":{"footnotes":""},"class_list":["post-964","page","type-page","status-publish","hentry"],"_links":{"self":[{"href":"https:\/\/bgwiedlisbach.ch\/index.php?rest_route=\/wp\/v2\/pages\/964","targetHints":{"allow":["GET"]}}],"collection":[{"href":"https:\/\/bgwiedlisbach.ch\/index.php?rest_route=\/wp\/v2\/pages"}],"about":[{"href":"https:\/\/bgwiedlisbach.ch\/index.php?rest_route=\/wp\/v2\/types\/page"}],"author":[{"embeddable":true,"href":"https:\/\/bgwiedlisbach.ch\/index.php?rest_route=\/wp\/v2\/users\/1"}],"replies":[{"embeddable":true,"href":"https:\/\/bgwiedlisbach.ch\/index.php?rest_route=%2Fwp%2Fv2%2Fcomments&post=964"}],"version-history":[{"count":27,"href":"https:\/\/bgwiedlisbach.ch\/index.php?rest_route=\/wp\/v2\/pages\/964\/revisions"}],"predecessor-version":[{"id":1620,"href":"https:\/\/bgwiedlisbach.ch\/index.php?rest_route=\/wp\/v2\/pages\/964\/revisions\/1620"}],"up":[{"embeddable":true,"href":"https:\/\/bgwiedlisbach.ch\/index.php?rest_route=\/wp\/v2\/pages\/360"}],"wp:attachment":[{"href":"https:\/\/bgwiedlisbach.ch\/index.php?rest_route=%2Fwp%2Fv2%2Fmedia&parent=964"}],"curies":[{"name":"wp","href":"https:\/\/api.w.org\/{rel}","templated":true}]}}