{"id":969,"date":"2022-05-10T08:05:20","date_gmt":"2022-05-10T08:05:20","guid":{"rendered":"https:\/\/bgwiedlisbach.ch\/?page_id=969"},"modified":"2024-11-24T14:48:49","modified_gmt":"2024-11-24T14:48:49","slug":"uebersicht-fernwaerme","status":"publish","type":"page","link":"https:\/\/bgwiedlisbach.ch\/?page_id=969","title":{"rendered":"\u00dcbersicht Fernw\u00e4rme"},"content":{"rendered":"\n\n\t\t\t\t<img loading=\"lazy\" decoding=\"async\" src=\"https:\/\/bgwiedlisbach.ch\/wp-content\/uploads\/2022\/02\/Logo_Burgergemeinde.png\" alt=\"Logo_Burgergemeinde\" itemprop=\"image\" height=\"167\" width=\"174\" title=\"Logo_Burgergemeinde\" onerror=\"this.style.display='none'\"  \/>\n<h1>\n\t\t\u00dcbersicht\n\t<\/h1>\n\t\t\t\t\t\t\teingespartes C02<br \/>in kg\n\t\t\t2,910,906\n\t\t\t\t\t\t\tTotal\n\t\t\t<a href=\"\" target=\"_self\" rel=\"noopener\">\n\t\t\t<\/a>\n\t\t<img decoding=\"async\" src=\"https:\/\/bgwiedlisbach.ch\/wp-content\/plugins\/bb-plugin\/img\/pixel.png\" alt=\"\" itemprop=\"image\"\/>\n<h2>\n\t\tStatistik Produktion\n\t<\/h2>\n\t\t\t\t<table>\n\t\t\t\t\t<thead>\n\t\t\t\t\t\t\t\t\t\t\t\t\t\t<tr>\n\t\t\t\t\t\t\t\t\t\t\t\t\t\t\t<th rowspan=\"\" colspan=\"\">\n\t\t\t\t\t\t\t\t\t\t Stand Fr\u00fchling 2023 \n\t\t\t\t\t\t\t\t\t\t\t\t\t\t\t\t\t<\/th>\n\t\t\t\t\t\t\t\t\t\t\t\t\t\t<th rowspan=\"\" colspan=\"\">\n\t\t\t\t\t\t\t\t\t\t\t\t\t\t\t\t\t<\/th>\n\t\t\t\t\t\t\t\t\t\t\t<\/tr><\/thead>\n\t\t\t\t\t<tbody>\n\t\t\t\t\t\t\t\t\t\t\t\t\t\t\t<tr>\n\t\t\t\t\t\t\t\t\t\t\t\t\t\t\t\t\t\t\t\t<td colspan=\"\" rowspan=\"\">\n\t\t\t\t\t\t\t\t\t\t\t\t\t\t\t\t\t\t\t\t\t\t\t Holzschnitzelofen 1 (700kW) \n\t\t\t\t\t\t\t\t\t\t\t\t\t\t\t\t\t\t\t\t\t\t\t<\/td>\n\t\t\t\t\t\t\t\t\t\t\t\t\t\t\t\t<td colspan=\"\" rowspan=\"\">\n\t\t\t\t\t\t\t\t\t\t\t\t\t\t\t\t\t\t\t\t\t\t\t 6&#8217;328&#8217;980 kWh \n\t\t\t\t\t\t\t\t\t\t\t\t\t\t\t\t\t\t\t\t\t\t\t<\/td>\n\t\t\t\t\t\t\t\t\t\t\t\t\t\t\t<\/tr><tr>\n\t\t\t\t\t\t\t\t\t\t\t\t\t\t\t\t\t\t\t\t<td colspan=\"\" rowspan=\"\">\n\t\t\t\t\t\t\t\t\t\t\t\t\t\t\t\t\t\t\t\t\t\t\t Holzschnitzelofen 2 (900kW) \n\t\t\t\t\t\t\t\t\t\t\t\t\t\t\t\t\t\t\t\t\t\t\t<\/td>\n\t\t\t\t\t\t\t\t\t\t\t\t\t\t\t\t<td colspan=\"\" rowspan=\"\">\n\t\t\t\t\t\t\t\t\t\t\t\t\t\t\t\t\t\t\t\t\t\t\t 457&#8217;920 kWh \n\t\t\t\t\t\t\t\t\t\t\t\t\t\t\t\t\t\t\t\t\t\t\t<\/td>\n\t\t\t\t\t\t\t\t\t\t\t\t\t\t\t<\/tr><tr>\n\t\t\t\t\t\t\t\t\t\t\t\t\t\t\t\t\t\t\t\t<td colspan=\"\" rowspan=\"\">\n\t\t\t\t\t\t\t\t\t\t\t\t\t\t\t\t\t\t\t\t\t\t\t Solarenergie \n\t\t\t\t\t\t\t\t\t\t\t\t\t\t\t\t\t\t\t\t\t\t\t<\/td>\n\t\t\t\t\t\t\t\t\t\t\t\t\t\t\t\t<td colspan=\"\" rowspan=\"\">\n\t\t\t\t\t\t\t\t\t\t\t\t\t\t\t\t\t\t\t\t\t\t\t 230&#8217;530 kWh \n\t\t\t\t\t\t\t\t\t\t\t\t\t\t\t\t\t\t\t\t\t\t\t<\/td>\n\t\t\t\t\t\t\t\t\t\t\t\t\t\t\t<\/tr><tr>\n\t\t\t\t\t\t\t\t\t\t\t\t\t\t\t\t\t\t\t\t<td colspan=\"\" rowspan=\"\">\n\t\t\t\t\t\t\t\t\t\t\t\t\t\t\t\t\t\t\t\t\t\t\t W\u00e4rmer\u00fcckgewinnung \n\t\t\t\t\t\t\t\t\t\t\t\t\t\t\t\t\t\t\t\t\t\t\t<\/td>\n\t\t\t\t\t\t\t\t\t\t\t\t\t\t\t\t<td colspan=\"\" rowspan=\"\">\n\t\t\t\t\t\t\t\t\t\t\t\t\t\t\t\t\t\t\t\t\t\t\t 362&#8217;930 kWh \n\t\t\t\t\t\t\t\t\t\t\t\t\t\t\t\t\t\t\t\t\t\t\t<\/td>\n\t\t\t\t\t\t\t\t\t\t\t\t\t\t\t<\/tr><tr>\n\t\t\t\t\t\t\t\t\t\t\t\t\t\t\t\t\t\t\t\t<td colspan=\"\" rowspan=\"\">\n\t\t\t\t\t\t\t\t\t\t\t\t\t\t\t\t\t\t\t\t\t\t\t \u00d6lofen \n\t\t\t\t\t\t\t\t\t\t\t\t\t\t\t\t\t\t\t\t\t\t\t<\/td>\n\t\t\t\t\t\t\t\t\t\t\t\t\t\t\t\t<td colspan=\"\" rowspan=\"\">\n\t\t\t\t\t\t\t\t\t\t\t\t\t\t\t\t\t\t\t\t\t\t\t 455&#8217;210 kWh \n\t\t\t\t\t\t\t\t\t\t\t\t\t\t\t\t\t\t\t\t\t\t\t<\/td>\n\t\t\t\t\t\t\t\t\t\t\t\t\t\t\t<\/tr><tr>\n\t\t\t\t\t\t\t\t\t\t\t\t\t\t\t\t\t\t\t\t<td colspan=\"\" rowspan=\"\">\n\t\t\t\t\t\t\t\t\t\t\t\t\t\t\t Total \n\t\t\t\t\t\t\t\t\t\t\t\t\t\t\t\t\t\t\t\t\t\t\t\t<\/td>\n\t\t\t\t\t\t\t\t\t\t\t\t\t\t\t\t<td colspan=\"\" rowspan=\"\">\n\t\t\t\t\t\t\t\t\t\t\t\t\t\t\t\t\t\t\t\t\t\t\t 7&#8217;835&#8217;570 kWh \n\t\t\t\t\t\t\t\t\t\t\t\t\t\t\t\t\t\t\t\t\t\t\t<\/td>\n\t\t\t\t\t\t\t\t\t\t\t\t\t\t\t<\/tr><tr>\n\t\t\t\t\t\t\t\t\t\t\t\t\t\t\t\t\t\t\t\t<td colspan=\"\" rowspan=\"\">\n\t\t\t\t\t\t\t\t\t\t\t\t\t\t\t\t\t\t\t\t\t\t\t Eingesparte \u00d6lmenge \n\t\t\t\t\t\t\t\t\t\t\t\t\t\t\t\t\t\t\t\t\t\t\t<\/td>\n\t\t\t\t\t\t\t\t\t\t\t\t\t\t\t\t<td colspan=\"\" rowspan=\"\">\n\t\t\t\t\t\t\t\t\t\t\t\t\t\t\t\t\t\t\t\t\t\t\t 730&#8217;174 Liter \n\t\t\t\t\t\t\t\t\t\t\t\t\t\t\t\t\t\t\t\t\t\t\t<\/td>\n\t\t\t\t\t\t\t\t\t\t\t\t\t\t\t<\/tr><tr>\n\t\t\t\t\t\t\t\t\t\t\t\t\t\t\t\t\t\t\t\t<td colspan=\"\" rowspan=\"\">\n\t\t\t\t\t\t\t\t\t\t\t\t\t\t\t\t\t\t\t\t\t\t\t Eingespartes C02 \n\t\t\t\t\t\t\t\t\t\t\t\t\t\t\t\t\t\t\t\t\t\t\t<\/td>\n\t\t\t\t\t\t\t\t\t\t\t\t\t\t\t\t<td colspan=\"\" rowspan=\"\">\n\t\t\t\t\t\t\t\t\t\t\t\t\t\t\t\t\t\t\t\t\t\t\t 1&#8217;934&#8217;962 kg \n\t\t\t\t\t\t\t\t\t\t\t\t\t\t\t\t\t\t\t\t\t\t\t<\/td>\n\t\t\t\t\t\t\t\t\t\t\t<\/tr><\/tbody>\n\t\t\t\t<\/table>\n\t\t<img decoding=\"async\" src=\"https:\/\/bgwiedlisbach.ch\/wp-content\/plugins\/bb-plugin\/img\/pixel.png\" alt=\"\" itemprop=\"image\"\/>\n\t\t\t\t<img loading=\"lazy\" decoding=\"async\" src=\"https:\/\/bgwiedlisbach.ch\/wp-content\/uploads\/2022\/02\/fernwaerme_01-scaled.jpg\" alt=\"fernwaerme_01\" itemprop=\"image\" height=\"1707\" width=\"2560\" title=\"fernwaerme_01\" onerror=\"this.style.display='none'\"  \/>\n<h2>\n\t\t\u00abWir heizen<br \/>Wiedlisbach ein!\u00bb\n\t<\/h2>\n\t<p>Unsere moderne Heizzentrale liefert immer mehr W\u00e4rme an Wiedlisbacher Einwohnerinnen und Einwohner. Auch Sch\u00fclerinnen und Sch\u00fcler oder auch Besucherinnen und Besucher der Gemeindeliegenschaften geniessen die W\u00e4rme, welche durch einheimisches Holz erzeugt wird.<\/p>\n\t\t\t\t<img loading=\"lazy\" decoding=\"async\" src=\"https:\/\/bgwiedlisbach.ch\/wp-content\/uploads\/2022\/02\/fernwaerme.jpg\" alt=\"fernwaerme_claim\" itemprop=\"image\" height=\"113\" width=\"640\" title=\"fernwaerme_claim\" onerror=\"this.style.display='none'\"  \/>\n\t\t<img decoding=\"async\" src=\"https:\/\/bgwiedlisbach.ch\/wp-content\/plugins\/bb-plugin\/img\/pixel.png\" alt=\"\" itemprop=\"image\"\/>\n<h2>\n\t\tHeizzentrale\n\t<\/h2>\n\t<p>Im historischen St\u00e4dtli haben bereits 30 Abnehmer auf Fernw\u00e4rme umger\u00fcstet. Insgesamt beziehen auf Gemeindegebiet 57 W\u00e4rmebez\u00fcger (Stand 31.12.2023) W\u00e4rme aus dem Fernw\u00e4rmenetz.<\/p>\n\t\t\t<a href=\"https:\/\/bgwiedlisbach.ch\/wp-content\/uploads\/2024\/11\/2023_4537_Wiedlisbach_wv.pdf\" target=\"_blank\" rel=\"noopener\">\n\t\t\t\t\t\t\tDatenblatt\n\t\t\t<\/a>\n\t\t<img decoding=\"async\" src=\"https:\/\/bgwiedlisbach.ch\/wp-content\/plugins\/bb-plugin\/img\/pixel.png\" alt=\"\" itemprop=\"image\"\/>\n\t\t<img decoding=\"async\" src=\"https:\/\/bgwiedlisbach.ch\/wp-content\/plugins\/bb-plugin\/img\/pixel.png\" alt=\"\" itemprop=\"image\"\/>\n<h2>\n\t\tRohstoff\n\t<\/h2>\n\t<p>Es werden ausschliesslich Holzschnitzel aus unserem eigenen Wald verwendet. Neben der Solarenergie vom Dach der Heizzentrale und der W\u00e4rmer\u00fcckgewinnung aus den Abgasen, tr\u00e4gt dies zu einem sehr \u00f6kologischen Betrieb bei. Schliesslich kann die Bev\u00f6lkerung in Wiedlisbach erneuerbare und CO2-neutrale W\u00e4rme beziehen und mithelfen eine grosse Menge an CO\u00ad2 einzusparen.<\/p>\n\t\t<img decoding=\"async\" src=\"https:\/\/bgwiedlisbach.ch\/wp-content\/plugins\/bb-plugin\/img\/pixel.png\" alt=\"\" itemprop=\"image\"\/>\n\n","protected":false},"excerpt":{"rendered":"<p>\u00dcbersicht eingespartes C02in kg 2,910,906 Total Statistik Produktion Stand Fr\u00fchling 2023 Holzschnitzelofen 1 (700kW) 6&#8217;328&#8217;980 kWh Holzschnitzelofen 2 (900kW) 457&#8217;920 kWh Solarenergie 230&#8217;530 kWh W\u00e4rmer\u00fcckgewinnung 362&#8217;930 kWh \u00d6lofen 455&#8217;210 kWh Total 7&#8217;835&#8217;570 kWh Eingesparte \u00d6lmenge 730&#8217;174 Liter Eingespartes C02 1&#8217;934&#8217;962 kg \u00abWir heizenWiedlisbach ein!\u00bb Unsere moderne Heizzentrale liefert immer mehr W\u00e4rme an Wiedlisbacher Einwohnerinnen und&hellip;<\/p>\n","protected":false},"author":1,"featured_media":0,"parent":360,"menu_order":1,"comment_status":"closed","ping_status":"closed","template":"","meta":{"footnotes":""},"class_list":["post-969","page","type-page","status-publish","hentry"],"_links":{"self":[{"href":"https:\/\/bgwiedlisbach.ch\/index.php?rest_route=\/wp\/v2\/pages\/969","targetHints":{"allow":["GET"]}}],"collection":[{"href":"https:\/\/bgwiedlisbach.ch\/index.php?rest_route=\/wp\/v2\/pages"}],"about":[{"href":"https:\/\/bgwiedlisbach.ch\/index.php?rest_route=\/wp\/v2\/types\/page"}],"author":[{"embeddable":true,"href":"https:\/\/bgwiedlisbach.ch\/index.php?rest_route=\/wp\/v2\/users\/1"}],"replies":[{"embeddable":true,"href":"https:\/\/bgwiedlisbach.ch\/index.php?rest_route=%2Fwp%2Fv2%2Fcomments&post=969"}],"version-history":[{"count":11,"href":"https:\/\/bgwiedlisbach.ch\/index.php?rest_route=\/wp\/v2\/pages\/969\/revisions"}],"predecessor-version":[{"id":1674,"href":"https:\/\/bgwiedlisbach.ch\/index.php?rest_route=\/wp\/v2\/pages\/969\/revisions\/1674"}],"up":[{"embeddable":true,"href":"https:\/\/bgwiedlisbach.ch\/index.php?rest_route=\/wp\/v2\/pages\/360"}],"wp:attachment":[{"href":"https:\/\/bgwiedlisbach.ch\/index.php?rest_route=%2Fwp%2Fv2%2Fmedia&parent=969"}],"curies":[{"name":"wp","href":"https:\/\/api.w.org\/{rel}","templated":true}]}}